{"id":895,"date":"2015-03-23T16:44:14","date_gmt":"2015-03-23T16:44:14","guid":{"rendered":"http:\/\/naturheilpraxislaurentd.apps-1and1.net\/?page_id=32"},"modified":"2022-08-16T10:24:46","modified_gmt":"2022-08-16T10:24:46","slug":"homoeopathie","status":"publish","type":"page","link":"https:\/\/www.dumo.net\/fr\/homoeopathie\/","title":{"rendered":"Hom\u00e9opathie"},"content":{"rendered":"<p><div class=\"fusion-fullwidth fullwidth-box fusion-builder-row-5 nonhundred-percent-fullwidth non-hundred-percent-height-scrolling\"  style='background-color: rgba(255,255,255,0);background-position: center center;background-repeat: no-repeat;padding-top:0px;padding-right:0px;padding-bottom:0px;padding-left:0px;border-top-width:0px;border-bottom-width:0px;border-color:#eae9e9;border-top-style:solid;border-bottom-style:solid;'><div class=\"fusion-builder-row fusion-row \"><div  class=\"fusion-layout-column fusion_builder_column fusion_builder_column_1_2 fusion-builder-column-4 fusion-one-half fusion-column-first 1_2\"  style='margin-top:0px;margin-bottom:20px;width:50%;width:calc(50% - ( ( 4% ) * 0.5 ) );margin-right: 4%;'><div class=\"fusion-column-wrapper\" style=\"padding: 0px 0px 0px 0px;background-position:left top;background-blend-mode: overlay;background-repeat:no-repeat;-webkit-background-size:cover;-moz-background-size:cover;-o-background-size:cover;background-size:cover;\"   data-bg-url=\"\"><div class=\"fusion-text\"><p><img decoding=\"async\" src=\"http:\/\/naturheilpraxislaurentd.apps-1and1.net\/wp-content\/uploads\/2015\/03\/Homoe.png\" alt=\"\" \/><\/p>\n<\/div><div class=\"fusion-clearfix\"><\/div><\/div><\/div><div  class=\"fusion-layout-column fusion_builder_column fusion_builder_column_1_2 fusion-builder-column-5 fusion-one-half fusion-column-last 1_2\"  style='margin-top:0px;margin-bottom:20px;width:50%;width:calc(50% - ( ( 4% ) * 0.5 ) );'><div class=\"fusion-column-wrapper\" style=\"padding: 0px 0px 0px 0px;background-position:left top;background-blend-mode: overlay;background-repeat:no-repeat;-webkit-background-size:cover;-moz-background-size:cover;-o-background-size:cover;background-size:cover;\"   data-bg-url=\"\"><style type=\"text\/css\">@media only screen and (max-width:800px) {.fusion-title.fusion-title-3{margin-top:10px!important;margin-bottom:10px!important;}}<\/style><div class=\"fusion-title title fusion-title-3 fusion-title-text fusion-title-size-two\" style=\"margin-top:0px;margin-bottom:31px;\"><h2 class=\"title-heading-left\" style=\"margin:0;\">Hom\u00e9opathie<\/h2><div class=\"title-sep-container\"><div class=\"title-sep sep-double sep-solid\" style=\"border-color:#e0dede;\"><\/div><\/div><\/div><div class=\"fusion-text\"><p>L&rsquo;hom\u00e9opathie est une m\u00e9thode de traitement alternatif qui repose sur le principe de la similarit\u00e9 et qui utilise des substances hautement dilu\u00e9es.<\/p>\n<p>Cette m\u00e9thode fut d\u00e9couverte par Samuel Hahnemann il y a environ 200 ans et est maintenant une m\u00e9thode de traitement tr\u00e8s r\u00e9pandu et qui est souvent utilis\u00e9 par certains m\u00e9decins.<\/p>\n<p>Appelez-moi pour en savoir plus sur les possibilit\u00e9s qu&rsquo;offre l&rsquo;hom\u00e9opathie, et dans quels domaines elle est applicable.<\/p>\n<\/div><div class=\"fusion-clearfix\"><\/div><\/div><\/div><\/div><\/div><div class=\"fusion-fullwidth fullwidth-box fusion-builder-row-6 nonhundred-percent-fullwidth non-hundred-percent-height-scrolling\"  style='background-color: rgba(255,255,255,0);background-position: center center;background-repeat: no-repeat;padding-top:0px;padding-right:0px;padding-bottom:0px;padding-left:0px;border-top-width:0px;border-bottom-width:0px;border-color:#eae9e9;border-top-style:solid;border-bottom-style:solid;'><\/div><\/p>","protected":false},"excerpt":{"rendered":"","protected":false},"author":1,"featured_media":0,"parent":0,"menu_order":0,"comment_status":"open","ping_status":"open","template":"","meta":{"footnotes":""},"yoast_head":"<!-- This site is optimized with the Yoast SEO plugin v22.8 - https:\/\/yoast.com\/wordpress\/plugins\/seo\/ -->\n<title>Hom\u00f6opathie M\u00fcnchen - Heilpraktiker Laurent Dumonet<\/title>\n<meta name=\"description\" content=\"Laurent Dumonet, Heilpraktiker f\u00fcr klassische Hom\u00f6opathie, in Kombination mit Quanten-Resonanz und Dunkelfeldmikroskopie. Hier mehr erfahren.\" \/>\n<meta name=\"robots\" content=\"index, follow, max-snippet:-1, max-image-preview:large, max-video-preview:-1\" \/>\n<link rel=\"canonical\" href=\"https:\/\/www.dumo.net\/homoeopathie\/\" \/>\n<meta property=\"og:locale\" content=\"fr_FR\" \/>\n<meta property=\"og:type\" content=\"article\" \/>\n<meta property=\"og:title\" content=\"Hom\u00f6opathie M\u00fcnchen - Heilpraktiker Laurent Dumonet\" \/>\n<meta property=\"og:description\" content=\"Laurent Dumonet, Heilpraktiker f\u00fcr klassische Hom\u00f6opathie, in Kombination mit Quanten-Resonanz und Dunkelfeldmikroskopie. Hier mehr erfahren.\" \/>\n<meta property=\"og:url\" content=\"https:\/\/www.dumo.net\/homoeopathie\/\" \/>\n<meta property=\"og:site_name\" content=\"Heilpraxis Laurent Dumonet\" \/>\n<meta property=\"article:publisher\" content=\"https:\/\/www.facebook.com\/heilpraktikerdumonet\/\" \/>\n<meta property=\"article:modified_time\" content=\"2022-08-16T10:24:46+00:00\" \/>\n<meta property=\"og:image\" content=\"http:\/\/naturheilpraxislaurentd.apps-1and1.net\/wp-content\/uploads\/2015\/03\/Homoe.png\" \/>\n<meta name=\"twitter:label1\" content=\"Dur\u00e9e de lecture estim\u00e9e\" \/>\n\t<meta name=\"twitter:data1\" content=\"4 minutes\" \/>\n<script type=\"application\/ld+json\" class=\"yoast-schema-graph\">{\"@context\":\"https:\/\/schema.org\",\"@graph\":[{\"@type\":\"WebPage\",\"@id\":\"https:\/\/www.dumo.net\/homoeopathie\/\",\"url\":\"https:\/\/www.dumo.net\/homoeopathie\/\",\"name\":\"Hom\u00f6opathie M\u00fcnchen - Heilpraktiker Laurent Dumonet\",\"isPartOf\":{\"@id\":\"https:\/\/www.dumo.net\/#website\"},\"primaryImageOfPage\":{\"@id\":\"https:\/\/www.dumo.net\/homoeopathie\/#primaryimage\"},\"image\":{\"@id\":\"https:\/\/www.dumo.net\/homoeopathie\/#primaryimage\"},\"thumbnailUrl\":\"http:\/\/naturheilpraxislaurentd.apps-1and1.net\/wp-content\/uploads\/2015\/03\/Homoe.png\",\"datePublished\":\"2015-03-23T16:44:14+00:00\",\"dateModified\":\"2022-08-16T10:24:46+00:00\",\"description\":\"Laurent Dumonet, Heilpraktiker f\u00fcr klassische Hom\u00f6opathie, in Kombination mit Quanten-Resonanz und Dunkelfeldmikroskopie. Hier mehr erfahren.\",\"breadcrumb\":{\"@id\":\"https:\/\/www.dumo.net\/homoeopathie\/#breadcrumb\"},\"inLanguage\":\"fr-FR\",\"potentialAction\":[{\"@type\":\"ReadAction\",\"target\":[\"https:\/\/www.dumo.net\/homoeopathie\/\"]}]},{\"@type\":\"ImageObject\",\"inLanguage\":\"fr-FR\",\"@id\":\"https:\/\/www.dumo.net\/homoeopathie\/#primaryimage\",\"url\":\"http:\/\/naturheilpraxislaurentd.apps-1and1.net\/wp-content\/uploads\/2015\/03\/Homoe.png\",\"contentUrl\":\"http:\/\/naturheilpraxislaurentd.apps-1and1.net\/wp-content\/uploads\/2015\/03\/Homoe.png\"},{\"@type\":\"BreadcrumbList\",\"@id\":\"https:\/\/www.dumo.net\/homoeopathie\/#breadcrumb\",\"itemListElement\":[{\"@type\":\"ListItem\",\"position\":1,\"name\":\"Home\",\"item\":\"https:\/\/www.dumo.net\/\"},{\"@type\":\"ListItem\",\"position\":2,\"name\":\"Hom\u00f6opathie\"}]},{\"@type\":\"WebSite\",\"@id\":\"https:\/\/www.dumo.net\/#website\",\"url\":\"https:\/\/www.dumo.net\/\",\"name\":\"Heilpraxis Laurent Dumonet\",\"description\":\"\",\"publisher\":{\"@id\":\"https:\/\/www.dumo.net\/#organization\"},\"potentialAction\":[{\"@type\":\"SearchAction\",\"target\":{\"@type\":\"EntryPoint\",\"urlTemplate\":\"https:\/\/www.dumo.net\/?s={search_term_string}\"},\"query-input\":\"required name=search_term_string\"}],\"inLanguage\":\"fr-FR\"},{\"@type\":\"Organization\",\"@id\":\"https:\/\/www.dumo.net\/#organization\",\"name\":\"Naturheilpraxis Laurent Dumonet - Heilpraktiker\",\"url\":\"https:\/\/www.dumo.net\/\",\"logo\":{\"@type\":\"ImageObject\",\"inLanguage\":\"fr-FR\",\"@id\":\"https:\/\/www.dumo.net\/#\/schema\/logo\/image\/\",\"url\":\"\",\"contentUrl\":\"\",\"caption\":\"Naturheilpraxis Laurent Dumonet - Heilpraktiker\"},\"image\":{\"@id\":\"https:\/\/www.dumo.net\/#\/schema\/logo\/image\/\"},\"sameAs\":[\"https:\/\/www.facebook.com\/heilpraktikerdumonet\/\"]}]}<\/script>\n<!-- \/ Yoast SEO plugin. -->","yoast_head_json":{"title":"Hom\u00f6opathie M\u00fcnchen - Heilpraktiker Laurent Dumonet","description":"Laurent Dumonet, Heilpraktiker f\u00fcr klassische Hom\u00f6opathie, in Kombination mit Quanten-Resonanz und Dunkelfeldmikroskopie. Hier mehr erfahren.","robots":{"index":"index","follow":"follow","max-snippet":"max-snippet:-1","max-image-preview":"max-image-preview:large","max-video-preview":"max-video-preview:-1"},"canonical":"https:\/\/www.dumo.net\/homoeopathie\/","og_locale":"fr_FR","og_type":"article","og_title":"Hom\u00f6opathie M\u00fcnchen - Heilpraktiker Laurent Dumonet","og_description":"Laurent Dumonet, Heilpraktiker f\u00fcr klassische Hom\u00f6opathie, in Kombination mit Quanten-Resonanz und Dunkelfeldmikroskopie. Hier mehr erfahren.","og_url":"https:\/\/www.dumo.net\/homoeopathie\/","og_site_name":"Heilpraxis Laurent Dumonet","article_publisher":"https:\/\/www.facebook.com\/heilpraktikerdumonet\/","article_modified_time":"2022-08-16T10:24:46+00:00","og_image":[{"url":"http:\/\/naturheilpraxislaurentd.apps-1and1.net\/wp-content\/uploads\/2015\/03\/Homoe.png"}],"twitter_misc":{"Dur\u00e9e de lecture estim\u00e9e":"4 minutes"},"schema":{"@context":"https:\/\/schema.org","@graph":[{"@type":"WebPage","@id":"https:\/\/www.dumo.net\/homoeopathie\/","url":"https:\/\/www.dumo.net\/homoeopathie\/","name":"Hom\u00f6opathie M\u00fcnchen - Heilpraktiker Laurent Dumonet","isPartOf":{"@id":"https:\/\/www.dumo.net\/#website"},"primaryImageOfPage":{"@id":"https:\/\/www.dumo.net\/homoeopathie\/#primaryimage"},"image":{"@id":"https:\/\/www.dumo.net\/homoeopathie\/#primaryimage"},"thumbnailUrl":"http:\/\/naturheilpraxislaurentd.apps-1and1.net\/wp-content\/uploads\/2015\/03\/Homoe.png","datePublished":"2015-03-23T16:44:14+00:00","dateModified":"2022-08-16T10:24:46+00:00","description":"Laurent Dumonet, Heilpraktiker f\u00fcr klassische Hom\u00f6opathie, in Kombination mit Quanten-Resonanz und Dunkelfeldmikroskopie. Hier mehr erfahren.","breadcrumb":{"@id":"https:\/\/www.dumo.net\/homoeopathie\/#breadcrumb"},"inLanguage":"fr-FR","potentialAction":[{"@type":"ReadAction","target":["https:\/\/www.dumo.net\/homoeopathie\/"]}]},{"@type":"ImageObject","inLanguage":"fr-FR","@id":"https:\/\/www.dumo.net\/homoeopathie\/#primaryimage","url":"http:\/\/naturheilpraxislaurentd.apps-1and1.net\/wp-content\/uploads\/2015\/03\/Homoe.png","contentUrl":"http:\/\/naturheilpraxislaurentd.apps-1and1.net\/wp-content\/uploads\/2015\/03\/Homoe.png"},{"@type":"BreadcrumbList","@id":"https:\/\/www.dumo.net\/homoeopathie\/#breadcrumb","itemListElement":[{"@type":"ListItem","position":1,"name":"Home","item":"https:\/\/www.dumo.net\/"},{"@type":"ListItem","position":2,"name":"Hom\u00f6opathie"}]},{"@type":"WebSite","@id":"https:\/\/www.dumo.net\/#website","url":"https:\/\/www.dumo.net\/","name":"Heilpraxis Laurent Dumonet","description":"","publisher":{"@id":"https:\/\/www.dumo.net\/#organization"},"potentialAction":[{"@type":"SearchAction","target":{"@type":"EntryPoint","urlTemplate":"https:\/\/www.dumo.net\/?s={search_term_string}"},"query-input":"required name=search_term_string"}],"inLanguage":"fr-FR"},{"@type":"Organization","@id":"https:\/\/www.dumo.net\/#organization","name":"Naturheilpraxis Laurent Dumonet - Heilpraktiker","url":"https:\/\/www.dumo.net\/","logo":{"@type":"ImageObject","inLanguage":"fr-FR","@id":"https:\/\/www.dumo.net\/#\/schema\/logo\/image\/","url":"","contentUrl":"","caption":"Naturheilpraxis Laurent Dumonet - Heilpraktiker"},"image":{"@id":"https:\/\/www.dumo.net\/#\/schema\/logo\/image\/"},"sameAs":["https:\/\/www.facebook.com\/heilpraktikerdumonet\/"]}]}},"_links":{"self":[{"href":"https:\/\/www.dumo.net\/fr\/wp-json\/wp\/v2\/pages\/895"}],"collection":[{"href":"https:\/\/www.dumo.net\/fr\/wp-json\/wp\/v2\/pages"}],"about":[{"href":"https:\/\/www.dumo.net\/fr\/wp-json\/wp\/v2\/types\/page"}],"author":[{"embeddable":true,"href":"https:\/\/www.dumo.net\/fr\/wp-json\/wp\/v2\/users\/1"}],"replies":[{"embeddable":true,"href":"https:\/\/www.dumo.net\/fr\/wp-json\/wp\/v2\/comments?post=895"}],"version-history":[{"count":11,"href":"https:\/\/www.dumo.net\/fr\/wp-json\/wp\/v2\/pages\/895\/revisions"}],"predecessor-version":[{"id":1799,"href":"https:\/\/www.dumo.net\/fr\/wp-json\/wp\/v2\/pages\/895\/revisions\/1799"}],"wp:attachment":[{"href":"https:\/\/www.dumo.net\/fr\/wp-json\/wp\/v2\/media?parent=895"}],"curies":[{"name":"wp","href":"https:\/\/api.w.org\/{rel}","templated":true}]}}