{"id":64,"date":"2015-03-24T12:32:50","date_gmt":"2015-03-24T12:32:50","guid":{"rendered":"http:\/\/naturheilpraxislaurentd.apps-1and1.net\/?page_id=64"},"modified":"2024-01-25T14:42:44","modified_gmt":"2024-01-25T14:42:44","slug":"contact","status":"publish","type":"page","link":"https:\/\/www.dumo.net\/fr\/contact\/","title":{"rendered":"Contact"},"content":{"rendered":"<p><div class=\"fusion-fullwidth fullwidth-box fusion-builder-row-4 nonhundred-percent-fullwidth non-hundred-percent-height-scrolling\"  style='background-color: rgba(255,255,255,0);background-position: center center;background-repeat: no-repeat;padding-top:0px;padding-right:0px;padding-bottom:0px;padding-left:0px;border-top-width:0px;border-bottom-width:0px;border-color:#eae9e9;border-top-style:solid;border-bottom-style:solid;'><div class=\"fusion-builder-row fusion-row \"><div  class=\"fusion-layout-column fusion_builder_column fusion_builder_column_2_3 fusion-builder-column-4 fusion-two-third fusion-column-first 2_3\"  style='margin-top:0px;margin-bottom:20px;width:66.66%;width:calc(66.66% - ( ( 4% ) * 0.6666 ) );margin-right: 4%;'><div class=\"fusion-column-wrapper\" style=\"padding: 0px 0px 0px 0px;background-position:left top;background-blend-mode: overlay;background-repeat:no-repeat;-webkit-background-size:cover;-moz-background-size:cover;-o-background-size:cover;background-size:cover;\"   data-bg-url=\"\"><div class=\"fusion-text\"><h3><strong>Contact\/rendez-vous par t\u00e9l\u00e9phone:<\/strong><\/h3>\n<p>N&rsquo;h\u00e9sitez pas \u00e0 me contacter moi pour obtenir un rendez-vous ou plus d&rsquo;information, les premiers appels de renseignements sont gratuits, profitez en.<br \/>\nLe cas \u00e9ch\u00e9ant laissez un petit message sur mon portable pour que je puisse vous rappeler au plus vite.<\/p>\n<p>Tel. (+49) 089\/41 22 00 00<br \/>\nPortable: (+49) 01575 474 55 94<\/p>\n<p>Les rendez-vous sont disponibles\u00a0du lundi au vendredi, de 8 \u00e0 19 heures.<br \/>\nDans certains cas exceptionnels, si n\u00e9cessaire, un rendez-vous plus t\u00f4t au plus tard en semaine ou le weekend peut \u00eatre organis\u00e9. Les\u00a0visites\u00a0\u00e0\u00a0domicile sont disponibles seulement s&rsquo;il ne s&rsquo;agit pas d&rsquo;une premi\u00e8re consultation (due \u00e0 la r\u00e8glementation Allemande).<\/p>\n<h3><strong>Contact par courrier \u00e9lectronique:<\/strong><\/h3>\n<p>Vous pouvez me contacter par courrier email \u00e0 cette adresse: <strong><a href=\"mailto:info@dumo.net\">info@dumo.net<\/a><\/strong>,<br \/>\nJe vous r\u00e9pondrais le plus vite possible ou je vous contacterai par t\u00e9l\u00e9phone si vous m&rsquo;avez indiqu\u00e9 votre num\u00e9ro.<br \/>\nVos donn\u00e9es seront bien s\u00fbr trait\u00e9es en toute confidentialit\u00e9 et en accordance avec la r\u00e8glementation europ\u00e9enne et allemande en vigueur. Pour plus d\u2019information sur ce th\u00e8me veuillez consulter la page <a href=\"https:\/\/www.dumo.net\/datenschutz\/\">Datenschutz<\/a>.<\/p>\n<h3><strong>Adresse du cabinet:<\/strong><\/h3>\n<p>Naturheilpraxis Laurent Dumonet &#8211; Heilpraktiker<br \/>\nIm Zentrum f\u00fcr Gesundheit SinnVoll<br \/>\nMenzinger Str. 68<br \/>\n80992 Munich &#8211; Allemagne<\/p>\n<p>Tel. (+49) 089\/41 22 00 00<br \/>\nPortable: (+49) 01575 474 55 94<br \/>\nEmail:\u00a0<a href=\"mailto:info@dumo.net\">info@dumo.net<\/a><br \/>\nWeb:\u00a0<a href=\"http:\/\/www.dumo.net\">www.dumo.net<\/a><\/p>\n<h3><\/h3>\n<\/div><div class=\"fusion-clearfix\"><\/div><\/div><\/div><div  class=\"fusion-layout-column fusion_builder_column fusion_builder_column_1_3 fusion-builder-column-5 fusion-one-third fusion-column-last 1_3\"  style='margin-top:0px;margin-bottom:20px;width:33.33%;width:calc(33.33% - ( ( 4% ) * 0.3333 ) );'><div class=\"fusion-column-wrapper\" style=\"padding: 0px 0px 0px 0px;background-position:left top;background-blend-mode: overlay;background-repeat:no-repeat;-webkit-background-size:cover;-moz-background-size:cover;-o-background-size:cover;background-size:cover;\"   data-bg-url=\"\"><div class=\"fusion-text\"><p><img decoding=\"async\" src=\"http:\/\/naturheilpraxislaurentd.apps-1and1.net\/wp-content\/uploads\/2015\/03\/Kontakt.png\" alt=\"Contact L. Dumonet\" \/><\/p>\n<\/div><div class=\"fusion-clearfix\"><\/div><\/div><\/div><\/div><\/div><div class=\"fusion-fullwidth fullwidth-box fusion-builder-row-5 nonhundred-percent-fullwidth non-hundred-percent-height-scrolling\"  style='background-color: rgba(255,255,255,0);background-position: center center;background-repeat: no-repeat;padding-top:0px;padding-right:0px;padding-bottom:0px;padding-left:0px;border-top-width:0px;border-bottom-width:0px;border-color:#eae9e9;border-top-style:solid;border-bottom-style:solid;'><\/div><\/p>","protected":false},"excerpt":{"rendered":"","protected":false},"author":1,"featured_media":0,"parent":0,"menu_order":0,"comment_status":"closed","ping_status":"closed","template":"","meta":{"footnotes":""},"yoast_head":"<!-- This site is optimized with the Yoast SEO plugin v22.8 - https:\/\/yoast.com\/wordpress\/plugins\/seo\/ -->\n<title>Kontakt - Heilpraktiker in M\u00fcnchen Laurent Dumonet<\/title>\n<meta name=\"description\" content=\"Montag bis Freitag nach telefonischer Absprache. Pers\u00f6nliche Beratung telefonisch oder vor Ort in der Praxis, Menzinger Str. 68, M\u00fcnchen.\" \/>\n<meta name=\"robots\" content=\"index, follow, max-snippet:-1, max-image-preview:large, max-video-preview:-1\" \/>\n<link rel=\"canonical\" href=\"https:\/\/www.dumo.net\/contact\/\" \/>\n<meta property=\"og:locale\" content=\"fr_FR\" \/>\n<meta property=\"og:type\" content=\"article\" \/>\n<meta property=\"og:title\" content=\"Kontakt - Heilpraktiker in M\u00fcnchen Laurent Dumonet\" \/>\n<meta property=\"og:description\" content=\"Montag bis Freitag nach telefonischer Absprache. Pers\u00f6nliche Beratung telefonisch oder vor Ort in der Praxis, Menzinger Str. 68, M\u00fcnchen.\" \/>\n<meta property=\"og:url\" content=\"https:\/\/www.dumo.net\/contact\/\" \/>\n<meta property=\"og:site_name\" content=\"Heilpraxis Laurent Dumonet\" \/>\n<meta property=\"article:publisher\" content=\"https:\/\/www.facebook.com\/heilpraktikerdumonet\/\" \/>\n<meta property=\"article:modified_time\" content=\"2024-01-25T14:42:44+00:00\" \/>\n<meta property=\"og:image\" content=\"http:\/\/naturheilpraxislaurentd.apps-1and1.net\/wp-content\/uploads\/2015\/03\/Kontakt.png\" \/>\n<meta name=\"twitter:label1\" content=\"Dur\u00e9e de lecture estim\u00e9e\" \/>\n\t<meta name=\"twitter:data1\" content=\"2 minutes\" \/>\n<script type=\"application\/ld+json\" class=\"yoast-schema-graph\">{\"@context\":\"https:\/\/schema.org\",\"@graph\":[{\"@type\":\"WebPage\",\"@id\":\"https:\/\/www.dumo.net\/contact\/\",\"url\":\"https:\/\/www.dumo.net\/contact\/\",\"name\":\"Kontakt - Heilpraktiker in M\u00fcnchen Laurent Dumonet\",\"isPartOf\":{\"@id\":\"https:\/\/www.dumo.net\/#website\"},\"primaryImageOfPage\":{\"@id\":\"https:\/\/www.dumo.net\/contact\/#primaryimage\"},\"image\":{\"@id\":\"https:\/\/www.dumo.net\/contact\/#primaryimage\"},\"thumbnailUrl\":\"http:\/\/naturheilpraxislaurentd.apps-1and1.net\/wp-content\/uploads\/2015\/03\/Kontakt.png\",\"datePublished\":\"2015-03-24T12:32:50+00:00\",\"dateModified\":\"2024-01-25T14:42:44+00:00\",\"description\":\"Montag bis Freitag nach telefonischer Absprache. Pers\u00f6nliche Beratung telefonisch oder vor Ort in der Praxis, Menzinger Str. 68, M\u00fcnchen.\",\"breadcrumb\":{\"@id\":\"https:\/\/www.dumo.net\/contact\/#breadcrumb\"},\"inLanguage\":\"fr-FR\",\"potentialAction\":[{\"@type\":\"ReadAction\",\"target\":[\"https:\/\/www.dumo.net\/contact\/\"]}]},{\"@type\":\"ImageObject\",\"inLanguage\":\"fr-FR\",\"@id\":\"https:\/\/www.dumo.net\/contact\/#primaryimage\",\"url\":\"http:\/\/naturheilpraxislaurentd.apps-1and1.net\/wp-content\/uploads\/2015\/03\/Kontakt.png\",\"contentUrl\":\"http:\/\/naturheilpraxislaurentd.apps-1and1.net\/wp-content\/uploads\/2015\/03\/Kontakt.png\"},{\"@type\":\"BreadcrumbList\",\"@id\":\"https:\/\/www.dumo.net\/contact\/#breadcrumb\",\"itemListElement\":[{\"@type\":\"ListItem\",\"position\":1,\"name\":\"Home\",\"item\":\"https:\/\/www.dumo.net\/\"},{\"@type\":\"ListItem\",\"position\":2,\"name\":\"Kontakt\"}]},{\"@type\":\"WebSite\",\"@id\":\"https:\/\/www.dumo.net\/#website\",\"url\":\"https:\/\/www.dumo.net\/\",\"name\":\"Heilpraxis Laurent Dumonet\",\"description\":\"\",\"publisher\":{\"@id\":\"https:\/\/www.dumo.net\/#organization\"},\"potentialAction\":[{\"@type\":\"SearchAction\",\"target\":{\"@type\":\"EntryPoint\",\"urlTemplate\":\"https:\/\/www.dumo.net\/?s={search_term_string}\"},\"query-input\":\"required name=search_term_string\"}],\"inLanguage\":\"fr-FR\"},{\"@type\":\"Organization\",\"@id\":\"https:\/\/www.dumo.net\/#organization\",\"name\":\"Naturheilpraxis Laurent Dumonet - Heilpraktiker\",\"url\":\"https:\/\/www.dumo.net\/\",\"logo\":{\"@type\":\"ImageObject\",\"inLanguage\":\"fr-FR\",\"@id\":\"https:\/\/www.dumo.net\/#\/schema\/logo\/image\/\",\"url\":\"\",\"contentUrl\":\"\",\"caption\":\"Naturheilpraxis Laurent Dumonet - Heilpraktiker\"},\"image\":{\"@id\":\"https:\/\/www.dumo.net\/#\/schema\/logo\/image\/\"},\"sameAs\":[\"https:\/\/www.facebook.com\/heilpraktikerdumonet\/\"]}]}<\/script>\n<!-- \/ Yoast SEO plugin. -->","yoast_head_json":{"title":"Kontakt - Heilpraktiker in M\u00fcnchen Laurent Dumonet","description":"Montag bis Freitag nach telefonischer Absprache. Pers\u00f6nliche Beratung telefonisch oder vor Ort in der Praxis, Menzinger Str. 68, M\u00fcnchen.","robots":{"index":"index","follow":"follow","max-snippet":"max-snippet:-1","max-image-preview":"max-image-preview:large","max-video-preview":"max-video-preview:-1"},"canonical":"https:\/\/www.dumo.net\/contact\/","og_locale":"fr_FR","og_type":"article","og_title":"Kontakt - Heilpraktiker in M\u00fcnchen Laurent Dumonet","og_description":"Montag bis Freitag nach telefonischer Absprache. Pers\u00f6nliche Beratung telefonisch oder vor Ort in der Praxis, Menzinger Str. 68, M\u00fcnchen.","og_url":"https:\/\/www.dumo.net\/contact\/","og_site_name":"Heilpraxis Laurent Dumonet","article_publisher":"https:\/\/www.facebook.com\/heilpraktikerdumonet\/","article_modified_time":"2024-01-25T14:42:44+00:00","og_image":[{"url":"http:\/\/naturheilpraxislaurentd.apps-1and1.net\/wp-content\/uploads\/2015\/03\/Kontakt.png"}],"twitter_misc":{"Dur\u00e9e de lecture estim\u00e9e":"2 minutes"},"schema":{"@context":"https:\/\/schema.org","@graph":[{"@type":"WebPage","@id":"https:\/\/www.dumo.net\/contact\/","url":"https:\/\/www.dumo.net\/contact\/","name":"Kontakt - Heilpraktiker in M\u00fcnchen Laurent Dumonet","isPartOf":{"@id":"https:\/\/www.dumo.net\/#website"},"primaryImageOfPage":{"@id":"https:\/\/www.dumo.net\/contact\/#primaryimage"},"image":{"@id":"https:\/\/www.dumo.net\/contact\/#primaryimage"},"thumbnailUrl":"http:\/\/naturheilpraxislaurentd.apps-1and1.net\/wp-content\/uploads\/2015\/03\/Kontakt.png","datePublished":"2015-03-24T12:32:50+00:00","dateModified":"2024-01-25T14:42:44+00:00","description":"Montag bis Freitag nach telefonischer Absprache. Pers\u00f6nliche Beratung telefonisch oder vor Ort in der Praxis, Menzinger Str. 68, M\u00fcnchen.","breadcrumb":{"@id":"https:\/\/www.dumo.net\/contact\/#breadcrumb"},"inLanguage":"fr-FR","potentialAction":[{"@type":"ReadAction","target":["https:\/\/www.dumo.net\/contact\/"]}]},{"@type":"ImageObject","inLanguage":"fr-FR","@id":"https:\/\/www.dumo.net\/contact\/#primaryimage","url":"http:\/\/naturheilpraxislaurentd.apps-1and1.net\/wp-content\/uploads\/2015\/03\/Kontakt.png","contentUrl":"http:\/\/naturheilpraxislaurentd.apps-1and1.net\/wp-content\/uploads\/2015\/03\/Kontakt.png"},{"@type":"BreadcrumbList","@id":"https:\/\/www.dumo.net\/contact\/#breadcrumb","itemListElement":[{"@type":"ListItem","position":1,"name":"Home","item":"https:\/\/www.dumo.net\/"},{"@type":"ListItem","position":2,"name":"Kontakt"}]},{"@type":"WebSite","@id":"https:\/\/www.dumo.net\/#website","url":"https:\/\/www.dumo.net\/","name":"Heilpraxis Laurent Dumonet","description":"","publisher":{"@id":"https:\/\/www.dumo.net\/#organization"},"potentialAction":[{"@type":"SearchAction","target":{"@type":"EntryPoint","urlTemplate":"https:\/\/www.dumo.net\/?s={search_term_string}"},"query-input":"required name=search_term_string"}],"inLanguage":"fr-FR"},{"@type":"Organization","@id":"https:\/\/www.dumo.net\/#organization","name":"Naturheilpraxis Laurent Dumonet - Heilpraktiker","url":"https:\/\/www.dumo.net\/","logo":{"@type":"ImageObject","inLanguage":"fr-FR","@id":"https:\/\/www.dumo.net\/#\/schema\/logo\/image\/","url":"","contentUrl":"","caption":"Naturheilpraxis Laurent Dumonet - Heilpraktiker"},"image":{"@id":"https:\/\/www.dumo.net\/#\/schema\/logo\/image\/"},"sameAs":["https:\/\/www.facebook.com\/heilpraktikerdumonet\/"]}]}},"_links":{"self":[{"href":"https:\/\/www.dumo.net\/fr\/wp-json\/wp\/v2\/pages\/64"}],"collection":[{"href":"https:\/\/www.dumo.net\/fr\/wp-json\/wp\/v2\/pages"}],"about":[{"href":"https:\/\/www.dumo.net\/fr\/wp-json\/wp\/v2\/types\/page"}],"author":[{"embeddable":true,"href":"https:\/\/www.dumo.net\/fr\/wp-json\/wp\/v2\/users\/1"}],"replies":[{"embeddable":true,"href":"https:\/\/www.dumo.net\/fr\/wp-json\/wp\/v2\/comments?post=64"}],"version-history":[{"count":131,"href":"https:\/\/www.dumo.net\/fr\/wp-json\/wp\/v2\/pages\/64\/revisions"}],"predecessor-version":[{"id":1912,"href":"https:\/\/www.dumo.net\/fr\/wp-json\/wp\/v2\/pages\/64\/revisions\/1912"}],"wp:attachment":[{"href":"https:\/\/www.dumo.net\/fr\/wp-json\/wp\/v2\/media?parent=64"}],"curies":[{"name":"wp","href":"https:\/\/api.w.org\/{rel}","templated":true}]}}