{"id":53,"date":"2015-03-24T12:33:37","date_gmt":"2015-03-24T12:33:37","guid":{"rendered":"http:\/\/naturheilpraxislaurentd.apps-1and1.net\/?page_id=53"},"modified":"2024-06-07T21:05:30","modified_gmt":"2024-06-07T21:05:30","slug":"impressum","status":"publish","type":"page","link":"https:\/\/www.dumo.net\/fr\/impressum\/","title":{"rendered":"Informations l\u00e9gales"},"content":{"rendered":"<p><div class=\"fusion-fullwidth fullwidth-box fusion-builder-row-3 nonhundred-percent-fullwidth non-hundred-percent-height-scrolling\"  style='background-color: rgba(255,255,255,0);background-position: center center;background-repeat: no-repeat;padding-top:0px;padding-right:0px;padding-bottom:0px;padding-left:0px;border-top-width:0px;border-bottom-width:0px;border-color:#eae9e9;border-top-style:solid;border-bottom-style:solid;'><div class=\"fusion-builder-row fusion-row \"><div  class=\"fusion-layout-column fusion_builder_column fusion_builder_column_1_1 fusion-builder-column-2 fusion-one-full fusion-column-first fusion-column-last 1_1\"  style='margin-top:0px;margin-bottom:0px;'><div class=\"fusion-column-wrapper\" style=\"padding: 0px 0px 0px 0px;background-position:left top;background-repeat:no-repeat;-webkit-background-size:cover;-moz-background-size:cover;-o-background-size:cover;background-size:cover;\"   data-bg-url=\"\"><div class=\"fusion-text\"><p><span style=\"color: #ff0000;\">(Informations l\u00e9gales pour l&rsquo;Allemagne et de ce fait pas traduites)<\/span><\/p>\n<p><strong>Laurent Dumonet &#8211; Heilpraktiker<\/strong><br \/>\nebenfalls Verantwortlicher f\u00fcr den Inhalt der Webseite\u00a0i.S.d. \u00a7 18 Abs. 2 MStV<\/p>\n<p>Menzinger Stra\u00dfe 68<br \/>\n80992 M\u00fcnchen<br \/>\nTel. (089) 41 22 00 00<br \/>\nE-Mail: <a title=\"Naturheilpraxis Laurent Dumonet\" href=\"mailto:info@dumo.net\">info(at)dumo.net<\/a><\/p>\n<p><strong>Gesetzliche Berufsbezeichnung: <\/strong>Heilpraktiker.<br \/>\nDie Erlaubnis nach \u00a71 Abs. 1 des Heilpraktikergesetzes wurde mir am 15.12.2011 durch das<br \/>\nGesundheitsamt der Stadt Salzgitter erteilt.<\/p>\n<p><strong>UstG:<\/strong><b><br \/>\n<\/b>Heilkundliche T\u00e4tigkeit ist gem\u00e4\u00df \u00a7 4 Nr. 14 UStG von der Umsatzsteuer befreit. Aus diesem Grund<br \/>\nerhebe ich keine Umsatzsteuer und weise diese folglich auch nicht aus.<\/p>\n<p><strong>Zust\u00e4ndige Aufsichtsbeh\u00f6rde:<\/strong><br \/>\nLandeshauptstadt M\u00fcnchen, Referat f\u00fcr Gesundheit und Umwelt<br \/>\nBayerstra\u00dfe 28a<br \/>\n80335 M\u00fcnchen<br \/>\n<a title=\"M\u00fcnchen Referat f\u00fcr Gesundheit und Umwelt\" href=\"http:\/\/www.muenchen.de\/rathaus\/Stadtverwaltung\/Referat-fuer-Gesundheit-und-Umwelt.html\">http:\/\/www.muenchen.de\/rathaus\/Stadtverwaltung\/Referat-fuer-Gesundheit-und-Umwelt.html<\/a><\/p>\n<p><strong>Berufshaftpflichtversicherung:<\/strong><b><br \/>\n<\/b>Es besteht eine Berufshaftpflichtversicherung bei der Continentale Sachversicherung AG<\/p>\n<p>Berufsrechtliche Regelungen:<br \/>\nGesetz \u00fcber die berufsm\u00e4\u00dfige Aus\u00fcbung der Heilkunde ohne \u00e4rztliche Bestallung (Heilpraktikergesetz) und Durchf\u00fchrungsverordnung:<br \/>\nNachzulesen im Internet unter<br \/>\n<a href=\"http:\/\/www.gesetze-im-internet.de\/heilprg\/index.html\" target=\"_blank\" rel=\"noopener\">http:\/\/www.gesetze-im-internet.de\/heilprg\/index.html<\/a> ,<br \/>\n<a href=\"http:\/\/www.gesetze-im-internet.de\/heilprgdv_1\/index.html\" target=\"_blank\" rel=\"noopener\">http:\/\/www.gesetze-im-internet.de\/heilprgdv_1\/index.html<\/a>\u00a0 und<br \/>\n<a href=\"https:\/\/www.gesetze-im-internet.de\/heilprg\/BJNR002510939.html\">https:\/\/www.gesetze-im-internet.de\/heilprg\/BJNR002510939.html<\/a><\/p>\n<p><strong>Verbandsmitgliedschaft:<\/strong><br \/>\nMitglied im Verband Unabh\u00e4ngiger Heilpraktiker e.V., VUH (<a href=\"https:\/\/www.heilpraktikerverband.de\">https:\/\/www.heilpraktikerverband.de<\/a>)<br \/>\nBerufsordnung des VUH e.V.: <a href=\"https:\/\/www.heilpraktikerverband.de\/verband\/berufsordnung\">https:\/\/www.heilpraktikerverband.de\/verband\/berufsordnung<\/a><\/p>\n<p><strong>Bildnachweis:<\/strong> Bilder von Fotolia lizenziert (<a href=\"http:\/\/de.fotolia.com\/\" target=\"_blank\" rel=\"noopener\">http:\/\/de.fotolia.com\/<\/a>)<br \/>\nFotolia Bildautoren:<br \/>\n#54320188 &#8211; Cascate rio Pitrisconi \u00a9 Maurizio Serra<br \/>\n#64554277 &#8211; Metaphorical Vortex \u00a9 agsandrew<br \/>\n#66547855 &#8211; Atom \u00a9 agsandrew<br \/>\n#75913034 &#8211; Microscope in a research laboratory \u00a9 Paul Vinten<br \/>\n#78538990 &#8211; contact us &#8211; keyboard &#8211; colorful \u00a9 marog-pixcells<br \/>\n#79423832 &#8211; Vial of liquid on a black wooden table and on nature background \u00a9 efired<br \/>\n#49169967 &#8211; Globuli und Massagesteine auf Holz \u00a9 Sonja Birkelbach<br \/>\n#63191494 &#8211; Sonne strahlt explosiv durch den Baum \u00a9 Smileus<br \/>\n#31161340 &#8211; Diabetes \u00a9 bounlow-pic<br \/>\n#139168281 &#8211; cartoon woman with menstruation \u00a9 Lin<br \/>\n#91407085 &#8211; Parkinson \u00a9 Zerbor<br \/>\n#79900281 &#8211; Frau mit Heuschnupfen \u00a9 absolutimages<br \/>\n#79415025\u00a0\u2013\u00a0Junge Frau denkt an Kinderwagen \u00a9 DDRockstar<br \/>\n#131442380\u00a0\u2013\u00a0ADHS, Aufmerksamkeits-Defizit-Hyperaktivit\u00e4tsst\u00f6rung, \u00a9 nmann77<br \/>\nweitere Bilder sind mit Hilfe von ChatGPT erstellt<\/p>\n<\/div><div class=\"fusion-clearfix\"><\/div><\/div><\/div><\/div><\/div><\/p>","protected":false},"excerpt":{"rendered":"","protected":false},"author":1,"featured_media":0,"parent":0,"menu_order":0,"comment_status":"closed","ping_status":"closed","template":"","meta":{"footnotes":""},"yoast_head":"<!-- This site is optimized with the Yoast SEO plugin v22.8 - https:\/\/yoast.com\/wordpress\/plugins\/seo\/ -->\n<title>Informations l\u00e9gales - Heilpraxis Laurent Dumonet<\/title>\n<meta name=\"robots\" content=\"index, follow, max-snippet:-1, max-image-preview:large, max-video-preview:-1\" \/>\n<link rel=\"canonical\" href=\"https:\/\/www.dumo.net\/impressum\/\" \/>\n<meta property=\"og:locale\" content=\"fr_FR\" \/>\n<meta property=\"og:type\" content=\"article\" \/>\n<meta property=\"og:title\" content=\"[:de]Impressum[:en]Impressum[:fr]Informations l\u00e9gales[:] - Heilpraxis Laurent Dumonet\" \/>\n<meta property=\"og:url\" content=\"https:\/\/www.dumo.net\/impressum\/\" \/>\n<meta property=\"og:site_name\" content=\"Heilpraxis Laurent Dumonet\" \/>\n<meta property=\"article:publisher\" content=\"https:\/\/www.facebook.com\/heilpraktikerdumonet\/\" \/>\n<meta property=\"article:modified_time\" content=\"2024-06-07T21:05:30+00:00\" \/>\n<meta name=\"twitter:label1\" content=\"Dur\u00e9e de lecture estim\u00e9e\" \/>\n\t<meta name=\"twitter:data1\" content=\"2 minutes\" \/>\n<script type=\"application\/ld+json\" class=\"yoast-schema-graph\">{\"@context\":\"https:\/\/schema.org\",\"@graph\":[{\"@type\":\"WebPage\",\"@id\":\"https:\/\/www.dumo.net\/impressum\/\",\"url\":\"https:\/\/www.dumo.net\/impressum\/\",\"name\":\"[:de]Impressum[:en]Impressum[:fr]Informations l\u00e9gales[:] - Heilpraxis Laurent Dumonet\",\"isPartOf\":{\"@id\":\"https:\/\/www.dumo.net\/#website\"},\"datePublished\":\"2015-03-24T12:33:37+00:00\",\"dateModified\":\"2024-06-07T21:05:30+00:00\",\"breadcrumb\":{\"@id\":\"https:\/\/www.dumo.net\/impressum\/#breadcrumb\"},\"inLanguage\":\"fr-FR\",\"potentialAction\":[{\"@type\":\"ReadAction\",\"target\":[\"https:\/\/www.dumo.net\/impressum\/\"]}]},{\"@type\":\"BreadcrumbList\",\"@id\":\"https:\/\/www.dumo.net\/impressum\/#breadcrumb\",\"itemListElement\":[{\"@type\":\"ListItem\",\"position\":1,\"name\":\"Home\",\"item\":\"https:\/\/www.dumo.net\/\"},{\"@type\":\"ListItem\",\"position\":2,\"name\":\"Impressum\"}]},{\"@type\":\"WebSite\",\"@id\":\"https:\/\/www.dumo.net\/#website\",\"url\":\"https:\/\/www.dumo.net\/\",\"name\":\"Heilpraxis Laurent Dumonet\",\"description\":\"\",\"publisher\":{\"@id\":\"https:\/\/www.dumo.net\/#organization\"},\"potentialAction\":[{\"@type\":\"SearchAction\",\"target\":{\"@type\":\"EntryPoint\",\"urlTemplate\":\"https:\/\/www.dumo.net\/?s={search_term_string}\"},\"query-input\":\"required name=search_term_string\"}],\"inLanguage\":\"fr-FR\"},{\"@type\":\"Organization\",\"@id\":\"https:\/\/www.dumo.net\/#organization\",\"name\":\"Naturheilpraxis Laurent Dumonet - Heilpraktiker\",\"url\":\"https:\/\/www.dumo.net\/\",\"logo\":{\"@type\":\"ImageObject\",\"inLanguage\":\"fr-FR\",\"@id\":\"https:\/\/www.dumo.net\/#\/schema\/logo\/image\/\",\"url\":\"\",\"contentUrl\":\"\",\"caption\":\"Naturheilpraxis Laurent Dumonet - Heilpraktiker\"},\"image\":{\"@id\":\"https:\/\/www.dumo.net\/#\/schema\/logo\/image\/\"},\"sameAs\":[\"https:\/\/www.facebook.com\/heilpraktikerdumonet\/\"]}]}<\/script>\n<!-- \/ Yoast SEO plugin. -->","yoast_head_json":{"title":"Informations l\u00e9gales - Heilpraxis Laurent Dumonet","robots":{"index":"index","follow":"follow","max-snippet":"max-snippet:-1","max-image-preview":"max-image-preview:large","max-video-preview":"max-video-preview:-1"},"canonical":"https:\/\/www.dumo.net\/impressum\/","og_locale":"fr_FR","og_type":"article","og_title":"[:de]Impressum[:en]Impressum[:fr]Informations l\u00e9gales[:] - Heilpraxis Laurent Dumonet","og_url":"https:\/\/www.dumo.net\/impressum\/","og_site_name":"Heilpraxis Laurent Dumonet","article_publisher":"https:\/\/www.facebook.com\/heilpraktikerdumonet\/","article_modified_time":"2024-06-07T21:05:30+00:00","twitter_misc":{"Dur\u00e9e de lecture estim\u00e9e":"2 minutes"},"schema":{"@context":"https:\/\/schema.org","@graph":[{"@type":"WebPage","@id":"https:\/\/www.dumo.net\/impressum\/","url":"https:\/\/www.dumo.net\/impressum\/","name":"[:de]Impressum[:en]Impressum[:fr]Informations l\u00e9gales[:] - Heilpraxis Laurent Dumonet","isPartOf":{"@id":"https:\/\/www.dumo.net\/#website"},"datePublished":"2015-03-24T12:33:37+00:00","dateModified":"2024-06-07T21:05:30+00:00","breadcrumb":{"@id":"https:\/\/www.dumo.net\/impressum\/#breadcrumb"},"inLanguage":"fr-FR","potentialAction":[{"@type":"ReadAction","target":["https:\/\/www.dumo.net\/impressum\/"]}]},{"@type":"BreadcrumbList","@id":"https:\/\/www.dumo.net\/impressum\/#breadcrumb","itemListElement":[{"@type":"ListItem","position":1,"name":"Home","item":"https:\/\/www.dumo.net\/"},{"@type":"ListItem","position":2,"name":"Impressum"}]},{"@type":"WebSite","@id":"https:\/\/www.dumo.net\/#website","url":"https:\/\/www.dumo.net\/","name":"Heilpraxis Laurent Dumonet","description":"","publisher":{"@id":"https:\/\/www.dumo.net\/#organization"},"potentialAction":[{"@type":"SearchAction","target":{"@type":"EntryPoint","urlTemplate":"https:\/\/www.dumo.net\/?s={search_term_string}"},"query-input":"required name=search_term_string"}],"inLanguage":"fr-FR"},{"@type":"Organization","@id":"https:\/\/www.dumo.net\/#organization","name":"Naturheilpraxis Laurent Dumonet - Heilpraktiker","url":"https:\/\/www.dumo.net\/","logo":{"@type":"ImageObject","inLanguage":"fr-FR","@id":"https:\/\/www.dumo.net\/#\/schema\/logo\/image\/","url":"","contentUrl":"","caption":"Naturheilpraxis Laurent Dumonet - Heilpraktiker"},"image":{"@id":"https:\/\/www.dumo.net\/#\/schema\/logo\/image\/"},"sameAs":["https:\/\/www.facebook.com\/heilpraktikerdumonet\/"]}]}},"_links":{"self":[{"href":"https:\/\/www.dumo.net\/fr\/wp-json\/wp\/v2\/pages\/53"}],"collection":[{"href":"https:\/\/www.dumo.net\/fr\/wp-json\/wp\/v2\/pages"}],"about":[{"href":"https:\/\/www.dumo.net\/fr\/wp-json\/wp\/v2\/types\/page"}],"author":[{"embeddable":true,"href":"https:\/\/www.dumo.net\/fr\/wp-json\/wp\/v2\/users\/1"}],"replies":[{"embeddable":true,"href":"https:\/\/www.dumo.net\/fr\/wp-json\/wp\/v2\/comments?post=53"}],"version-history":[{"count":33,"href":"https:\/\/www.dumo.net\/fr\/wp-json\/wp\/v2\/pages\/53\/revisions"}],"predecessor-version":[{"id":1935,"href":"https:\/\/www.dumo.net\/fr\/wp-json\/wp\/v2\/pages\/53\/revisions\/1935"}],"wp:attachment":[{"href":"https:\/\/www.dumo.net\/fr\/wp-json\/wp\/v2\/media?parent=53"}],"curies":[{"name":"wp","href":"https:\/\/api.w.org\/{rel}","templated":true}]}}