{"id":51,"date":"2015-03-24T12:26:18","date_gmt":"2015-03-24T12:26:18","guid":{"rendered":"http:\/\/naturheilpraxislaurentd.apps-1and1.net\/?page_id=51"},"modified":"2023-01-17T11:48:47","modified_gmt":"2023-01-17T11:48:47","slug":"ueber-uns","status":"publish","type":"page","link":"https:\/\/www.dumo.net\/fr\/ueber-uns\/","title":{"rendered":"A propos"},"content":{"rendered":"<p><div class=\"fusion-fullwidth fullwidth-box fusion-builder-row-4 nonhundred-percent-fullwidth non-hundred-percent-height-scrolling\"  style='background-color: rgba(255,255,255,0);background-position: center center;background-repeat: no-repeat;padding-top:0px;padding-right:0px;padding-bottom:0px;padding-left:0px;border-top-width:0px;border-bottom-width:0px;border-color:#eae9e9;border-top-style:solid;border-bottom-style:solid;'><div class=\"fusion-builder-row fusion-row \"><div  class=\"fusion-layout-column fusion_builder_column fusion_builder_column_1_2 fusion-builder-column-4 fusion-one-half fusion-column-first 1_2\"  style='margin-top:0px;margin-bottom:20px;width:50%;width:calc(50% - ( ( 4% ) * 0.5 ) );margin-right: 4%;'><div class=\"fusion-column-wrapper\" style=\"padding: 0px 0px 0px 0px;background-position:left top;background-blend-mode: overlay;background-repeat:no-repeat;-webkit-background-size:cover;-moz-background-size:cover;-o-background-size:cover;background-size:cover;\"   data-bg-url=\"\"><span class=\"fusion-imageframe imageframe-none imageframe-3 hover-type-none\"><img loading=\"lazy\" decoding=\"async\" src=\"https:\/\/www.dumo.net\/wp-content\/uploads\/2022\/08\/LaurentDumonet-DSC0454.jpg\" width=\"1505\" height=\"1995\" alt=\"Laurent Dumonet\" title=\"LaurentDumonet-DSC0454\" class=\"img-responsive wp-image-1768\" srcset=\"https:\/\/www.dumo.net\/wp-content\/uploads\/2022\/08\/LaurentDumonet-DSC0454-200x265.jpg 200w, https:\/\/www.dumo.net\/wp-content\/uploads\/2022\/08\/LaurentDumonet-DSC0454-400x530.jpg 400w, https:\/\/www.dumo.net\/wp-content\/uploads\/2022\/08\/LaurentDumonet-DSC0454-600x795.jpg 600w, https:\/\/www.dumo.net\/wp-content\/uploads\/2022\/08\/LaurentDumonet-DSC0454-800x1060.jpg 800w, https:\/\/www.dumo.net\/wp-content\/uploads\/2022\/08\/LaurentDumonet-DSC0454-1200x1591.jpg 1200w, https:\/\/www.dumo.net\/wp-content\/uploads\/2022\/08\/LaurentDumonet-DSC0454.jpg 1505w\" sizes=\"(max-width: 800px) 100vw, 800px\" \/><\/span><div class=\"fusion-clearfix\"><\/div><\/div><\/div><div  class=\"fusion-layout-column fusion_builder_column fusion_builder_column_1_2 fusion-builder-column-5 fusion-one-half fusion-column-last 1_2\"  style='margin-top:0px;margin-bottom:20px;width:50%;width:calc(50% - ( ( 4% ) * 0.5 ) );'><div class=\"fusion-column-wrapper\" style=\"padding: 0px 0px 0px 0px;background-position:left top;background-blend-mode: overlay;background-repeat:no-repeat;-webkit-background-size:cover;-moz-background-size:cover;-o-background-size:cover;background-size:cover;\"   data-bg-url=\"\"><div class=\"fusion-text\"><\/div><style type=\"text\/css\">@media only screen and (max-width:800px) {.fusion-title.fusion-title-3{margin-top:10px!important;margin-bottom:10px!important;}}<\/style><div class=\"fusion-title title fusion-title-3 fusion-title-text fusion-title-size-two\" style=\"margin-top:0px;margin-bottom:31px;\"><h2 class=\"title-heading-left\" style=\"margin:0;\">Laurent Dumonet, Naturopate<\/h2><div class=\"title-sep-container\"><div class=\"title-sep sep-double sep-solid\" style=\"border-color:#e0dede;\"><\/div><\/div><\/div><div class=\"fusion-text\"><p>N\u00e9 en France et r\u00e9sidant \u00e0 Munich depuis 1989.<\/p>\n<p>J&rsquo;ai d\u00e9couvert il y a quelques ann\u00e9es, suite \u00e0 une longue maladie grave, les possibilit\u00e9s de la m\u00e9decine alternative qui m&rsquo;ont permis de gu\u00e9rir rapidement et simplement avec l&rsquo;aide de m\u00e9thodes efficaces et de m\u00e9dicaments naturels. J&rsquo;ai d\u00e9velopp\u00e9 de suite une vraie passion pour ces formes de traitements alternatifs et j&rsquo;ai d\u00e9cid\u00e9 d&rsquo;apprendre ces diff\u00e9rentes m\u00e9thodes pour pouvoir aider autrui comme je l&rsquo;ai \u00e9t\u00e9 moi-m\u00eame.<\/p>\n<p>Il me tient \u00e0 c\u0153ur d&rsquo;\u00eatre aussi minutieux et consciencieux que possible, raison pour laquelle une premi\u00e8re consultation dans mon cabinet peut durer plus d&rsquo;une heure. Je prends le temps n\u00e9cessaire pour vous! La consultation et le traitement peuvent se d\u00e9rouler soit en Fran\u00e7ais, Anglais ou Allemand.<\/p>\n<p>Je me r\u00e9jouis de votre appel ou de votre visite en tant que patient ou en tant que participant \u00e0 une de mes conf\u00e9rences d&rsquo;information.<\/p>\n<p>N&rsquo;h\u00e9sitez pas \u00e0 me contacter au pr\u00e9alable, pour poser vos questions et vous assurez que je suis le th\u00e9rapeute qui vous convient.<\/p>\n<p>Bien amicalement<\/p>\n<p>Laurent Dumonet<\/p>\n<\/div><div class=\"fusion-clearfix\"><\/div><\/div><\/div><\/div><\/div><\/p>","protected":false},"excerpt":{"rendered":"","protected":false},"author":1,"featured_media":0,"parent":0,"menu_order":0,"comment_status":"closed","ping_status":"closed","template":"","meta":{"footnotes":""},"yoast_head":"<!-- This site is optimized with the Yoast SEO plugin v22.8 - https:\/\/yoast.com\/wordpress\/plugins\/seo\/ -->\n<title>L. Dumonet Heilpraktiker M\u00fcnchen Neuhausen-Nymphenburg<\/title>\n<meta name=\"description\" content=\"In M\u00fcnchen (Nymphenburg-Neuhausen) bietet der erfahrene Heilpraktiker Laurent Dumonet umfassende Behandlungen aus modernen und klassischen Methoden\" \/>\n<meta name=\"robots\" content=\"index, follow, max-snippet:-1, max-image-preview:large, max-video-preview:-1\" \/>\n<link rel=\"canonical\" href=\"https:\/\/www.dumo.net\/ueber-uns\/\" \/>\n<meta property=\"og:locale\" content=\"fr_FR\" \/>\n<meta property=\"og:type\" content=\"article\" \/>\n<meta property=\"og:title\" content=\"L. Dumonet Heilpraktiker M\u00fcnchen Neuhausen-Nymphenburg\" \/>\n<meta property=\"og:description\" content=\"In M\u00fcnchen (Nymphenburg-Neuhausen) bietet der erfahrene Heilpraktiker Laurent Dumonet umfassende Behandlungen aus modernen und klassischen Methoden\" \/>\n<meta property=\"og:url\" content=\"https:\/\/www.dumo.net\/ueber-uns\/\" \/>\n<meta property=\"og:site_name\" content=\"Heilpraxis Laurent Dumonet\" \/>\n<meta property=\"article:publisher\" content=\"https:\/\/www.facebook.com\/heilpraktikerdumonet\/\" \/>\n<meta property=\"article:modified_time\" content=\"2023-01-17T11:48:47+00:00\" \/>\n<meta name=\"twitter:label1\" content=\"Dur\u00e9e de lecture estim\u00e9e\" \/>\n\t<meta name=\"twitter:data1\" content=\"6 minutes\" \/>\n<script type=\"application\/ld+json\" class=\"yoast-schema-graph\">{\"@context\":\"https:\/\/schema.org\",\"@graph\":[{\"@type\":\"WebPage\",\"@id\":\"https:\/\/www.dumo.net\/ueber-uns\/\",\"url\":\"https:\/\/www.dumo.net\/ueber-uns\/\",\"name\":\"L. Dumonet Heilpraktiker M\u00fcnchen Neuhausen-Nymphenburg\",\"isPartOf\":{\"@id\":\"https:\/\/www.dumo.net\/#website\"},\"datePublished\":\"2015-03-24T12:26:18+00:00\",\"dateModified\":\"2023-01-17T11:48:47+00:00\",\"description\":\"In M\u00fcnchen (Nymphenburg-Neuhausen) bietet der erfahrene Heilpraktiker Laurent Dumonet umfassende Behandlungen aus modernen und klassischen Methoden\",\"breadcrumb\":{\"@id\":\"https:\/\/www.dumo.net\/ueber-uns\/#breadcrumb\"},\"inLanguage\":\"fr-FR\",\"potentialAction\":[{\"@type\":\"ReadAction\",\"target\":[\"https:\/\/www.dumo.net\/ueber-uns\/\"]}]},{\"@type\":\"BreadcrumbList\",\"@id\":\"https:\/\/www.dumo.net\/ueber-uns\/#breadcrumb\",\"itemListElement\":[{\"@type\":\"ListItem\",\"position\":1,\"name\":\"Home\",\"item\":\"https:\/\/www.dumo.net\/\"},{\"@type\":\"ListItem\",\"position\":2,\"name\":\"\u00dcber mich\"}]},{\"@type\":\"WebSite\",\"@id\":\"https:\/\/www.dumo.net\/#website\",\"url\":\"https:\/\/www.dumo.net\/\",\"name\":\"Heilpraxis Laurent Dumonet\",\"description\":\"\",\"publisher\":{\"@id\":\"https:\/\/www.dumo.net\/#organization\"},\"potentialAction\":[{\"@type\":\"SearchAction\",\"target\":{\"@type\":\"EntryPoint\",\"urlTemplate\":\"https:\/\/www.dumo.net\/?s={search_term_string}\"},\"query-input\":\"required name=search_term_string\"}],\"inLanguage\":\"fr-FR\"},{\"@type\":\"Organization\",\"@id\":\"https:\/\/www.dumo.net\/#organization\",\"name\":\"Naturheilpraxis Laurent Dumonet - Heilpraktiker\",\"url\":\"https:\/\/www.dumo.net\/\",\"logo\":{\"@type\":\"ImageObject\",\"inLanguage\":\"fr-FR\",\"@id\":\"https:\/\/www.dumo.net\/#\/schema\/logo\/image\/\",\"url\":\"\",\"contentUrl\":\"\",\"caption\":\"Naturheilpraxis Laurent Dumonet - Heilpraktiker\"},\"image\":{\"@id\":\"https:\/\/www.dumo.net\/#\/schema\/logo\/image\/\"},\"sameAs\":[\"https:\/\/www.facebook.com\/heilpraktikerdumonet\/\"]}]}<\/script>\n<!-- \/ Yoast SEO plugin. -->","yoast_head_json":{"title":"L. Dumonet Heilpraktiker M\u00fcnchen Neuhausen-Nymphenburg","description":"In M\u00fcnchen (Nymphenburg-Neuhausen) bietet der erfahrene Heilpraktiker Laurent Dumonet umfassende Behandlungen aus modernen und klassischen Methoden","robots":{"index":"index","follow":"follow","max-snippet":"max-snippet:-1","max-image-preview":"max-image-preview:large","max-video-preview":"max-video-preview:-1"},"canonical":"https:\/\/www.dumo.net\/ueber-uns\/","og_locale":"fr_FR","og_type":"article","og_title":"L. Dumonet Heilpraktiker M\u00fcnchen Neuhausen-Nymphenburg","og_description":"In M\u00fcnchen (Nymphenburg-Neuhausen) bietet der erfahrene Heilpraktiker Laurent Dumonet umfassende Behandlungen aus modernen und klassischen Methoden","og_url":"https:\/\/www.dumo.net\/ueber-uns\/","og_site_name":"Heilpraxis Laurent Dumonet","article_publisher":"https:\/\/www.facebook.com\/heilpraktikerdumonet\/","article_modified_time":"2023-01-17T11:48:47+00:00","twitter_misc":{"Dur\u00e9e de lecture estim\u00e9e":"6 minutes"},"schema":{"@context":"https:\/\/schema.org","@graph":[{"@type":"WebPage","@id":"https:\/\/www.dumo.net\/ueber-uns\/","url":"https:\/\/www.dumo.net\/ueber-uns\/","name":"L. Dumonet Heilpraktiker M\u00fcnchen Neuhausen-Nymphenburg","isPartOf":{"@id":"https:\/\/www.dumo.net\/#website"},"datePublished":"2015-03-24T12:26:18+00:00","dateModified":"2023-01-17T11:48:47+00:00","description":"In M\u00fcnchen (Nymphenburg-Neuhausen) bietet der erfahrene Heilpraktiker Laurent Dumonet umfassende Behandlungen aus modernen und klassischen Methoden","breadcrumb":{"@id":"https:\/\/www.dumo.net\/ueber-uns\/#breadcrumb"},"inLanguage":"fr-FR","potentialAction":[{"@type":"ReadAction","target":["https:\/\/www.dumo.net\/ueber-uns\/"]}]},{"@type":"BreadcrumbList","@id":"https:\/\/www.dumo.net\/ueber-uns\/#breadcrumb","itemListElement":[{"@type":"ListItem","position":1,"name":"Home","item":"https:\/\/www.dumo.net\/"},{"@type":"ListItem","position":2,"name":"\u00dcber mich"}]},{"@type":"WebSite","@id":"https:\/\/www.dumo.net\/#website","url":"https:\/\/www.dumo.net\/","name":"Heilpraxis Laurent Dumonet","description":"","publisher":{"@id":"https:\/\/www.dumo.net\/#organization"},"potentialAction":[{"@type":"SearchAction","target":{"@type":"EntryPoint","urlTemplate":"https:\/\/www.dumo.net\/?s={search_term_string}"},"query-input":"required name=search_term_string"}],"inLanguage":"fr-FR"},{"@type":"Organization","@id":"https:\/\/www.dumo.net\/#organization","name":"Naturheilpraxis Laurent Dumonet - Heilpraktiker","url":"https:\/\/www.dumo.net\/","logo":{"@type":"ImageObject","inLanguage":"fr-FR","@id":"https:\/\/www.dumo.net\/#\/schema\/logo\/image\/","url":"","contentUrl":"","caption":"Naturheilpraxis Laurent Dumonet - Heilpraktiker"},"image":{"@id":"https:\/\/www.dumo.net\/#\/schema\/logo\/image\/"},"sameAs":["https:\/\/www.facebook.com\/heilpraktikerdumonet\/"]}]}},"_links":{"self":[{"href":"https:\/\/www.dumo.net\/fr\/wp-json\/wp\/v2\/pages\/51"}],"collection":[{"href":"https:\/\/www.dumo.net\/fr\/wp-json\/wp\/v2\/pages"}],"about":[{"href":"https:\/\/www.dumo.net\/fr\/wp-json\/wp\/v2\/types\/page"}],"author":[{"embeddable":true,"href":"https:\/\/www.dumo.net\/fr\/wp-json\/wp\/v2\/users\/1"}],"replies":[{"embeddable":true,"href":"https:\/\/www.dumo.net\/fr\/wp-json\/wp\/v2\/comments?post=51"}],"version-history":[{"count":36,"href":"https:\/\/www.dumo.net\/fr\/wp-json\/wp\/v2\/pages\/51\/revisions"}],"predecessor-version":[{"id":1866,"href":"https:\/\/www.dumo.net\/fr\/wp-json\/wp\/v2\/pages\/51\/revisions\/1866"}],"wp:attachment":[{"href":"https:\/\/www.dumo.net\/fr\/wp-json\/wp\/v2\/media?parent=51"}],"curies":[{"name":"wp","href":"https:\/\/api.w.org\/{rel}","templated":true}]}}