{"id":30,"date":"2015-03-23T16:42:20","date_gmt":"2015-03-23T16:42:20","guid":{"rendered":"http:\/\/naturheilpraxislaurentd.apps-1and1.net\/?page_id=30"},"modified":"2024-03-12T13:13:45","modified_gmt":"2024-03-12T13:13:45","slug":"lichtwasser","status":"publish","type":"page","link":"https:\/\/www.dumo.net\/fr\/lichtwasser\/","title":{"rendered":"Eau de source"},"content":{"rendered":"<p><div class=\"fusion-fullwidth fullwidth-box fusion-builder-row-5 nonhundred-percent-fullwidth non-hundred-percent-height-scrolling\"  style='background-color: rgba(255,255,255,0);background-position: center center;background-repeat: no-repeat;padding-top:0px;padding-right:0px;padding-bottom:0px;padding-left:0px;border-top-width:0px;border-bottom-width:0px;border-color:#eae9e9;border-top-style:solid;border-bottom-style:solid;'><div class=\"fusion-builder-row fusion-row \"><div  class=\"fusion-layout-column fusion_builder_column fusion_builder_column_1_2 fusion-builder-column-4 fusion-one-half fusion-column-first 1_2\"  style='margin-top:0px;margin-bottom:20px;width:50%;width:calc(50% - ( ( 4% ) * 0.5 ) );margin-right: 4%;'><div class=\"fusion-column-wrapper\" style=\"padding: 0px 0px 0px 0px;background-position:left top;background-blend-mode: overlay;background-repeat:no-repeat;-webkit-background-size:cover;-moz-background-size:cover;-o-background-size:cover;background-size:cover;\"   data-bg-url=\"\"><div class=\"fusion-text\"><p><img decoding=\"async\" src=\"http:\/\/naturheilpraxislaurentd.apps-1and1.net\/wp-content\/uploads\/2015\/03\/Wasser.png\" alt=\"Eau de source\" \/><\/p>\n<\/div><div class=\"fusion-clearfix\"><\/div><\/div><\/div><div  class=\"fusion-layout-column fusion_builder_column fusion_builder_column_1_2 fusion-builder-column-5 fusion-one-half fusion-column-last 1_2\"  style='margin-top:0px;margin-bottom:20px;width:50%;width:calc(50% - ( ( 4% ) * 0.5 ) );'><div class=\"fusion-column-wrapper\" style=\"padding: 0px 0px 0px 0px;background-position:left top;background-blend-mode: overlay;background-repeat:no-repeat;-webkit-background-size:cover;-moz-background-size:cover;-o-background-size:cover;background-size:cover;\"   data-bg-url=\"\"><style type=\"text\/css\">@media only screen and (max-width:800px) {.fusion-title.fusion-title-3{margin-top:10px!important;margin-bottom:10px!important;}}<\/style><div class=\"fusion-title title fusion-title-3 fusion-title-text fusion-title-size-two\" style=\"margin-top:0px;margin-bottom:31px;\"><h2 class=\"title-heading-left\" style=\"margin:0;\">Eau de source \/ Eau vivante<\/h2><div class=\"title-sep-container\"><div class=\"title-sep sep-double sep-solid\" style=\"border-color:#e0dede;\"><\/div><\/div><\/div><div class=\"fusion-text\"><p>Certaines eaux de source de haute qualit\u00e9, appel\u00e9es aussi \u00ab eau lumi\u00e8re \u00bb ou \u00ab eau vivante \u00bb, sont des eaux venant d\u2019une source naturelle et \u00e9mergeant du sol de leur propre force. Chaque source poss\u00e8de des propri\u00e9t\u00e9s individuelles sp\u00e9cifiques, ne serait-ce que par leur contenu particulier de min\u00e9raux. On trouve ces sources particuli\u00e8res \u00ab d\u2019eau lumi\u00e8re \u00bb \u00e0 diff\u00e8rent endroits dans le monde.<\/span><\/p>\n<\/div>\n<div class=\"fusion-text\">\n<p>Quelques exemples tr\u00e8s connu d\u2019eau lumi\u00e8re sont les sources de Lourdes en France et du Gange en Inde<\/p>\n<\/div>\n<p>L&rsquo;eau est un sujet de plus en plus \u00e9tudi\u00e9. Nous sommes encore loin d&rsquo;en avoir d\u00e9couvert tous ses secrets. Beaucoup de m\u00e9decins, naturopathes et scientifiques se passionnent pour ce th\u00e8me.<\/p>\n<p>Dans mon cabinet vous d\u00e9couvrirez et apprendrez plus sur ce th\u00e8me de l&rsquo;eau de source et son utilisation th\u00e9rapeutique.<\/p>\n<\/div><div class=\"fusion-clearfix\"><\/div><\/div><\/div><\/div><\/div><div class=\"fusion-fullwidth fullwidth-box fusion-builder-row-6 nonhundred-percent-fullwidth non-hundred-percent-height-scrolling\"  style='background-color: rgba(255,255,255,0);background-position: center center;background-repeat: no-repeat;padding-top:0px;padding-right:0px;padding-bottom:0px;padding-left:0px;border-top-width:0px;border-bottom-width:0px;border-color:#eae9e9;border-top-style:solid;border-bottom-style:solid;'><\/div><\/p>","protected":false},"excerpt":{"rendered":"","protected":false},"author":1,"featured_media":0,"parent":0,"menu_order":0,"comment_status":"closed","ping_status":"closed","template":"","meta":{"footnotes":""},"yoast_head":"<!-- This site is optimized with the Yoast SEO plugin v22.8 - https:\/\/yoast.com\/wordpress\/plugins\/seo\/ -->\n<title>(Deutsch) Lichtwasser - Heilpraktiker Laurent Dumonet M\u00fcnchen<\/title>\n<meta name=\"description\" content=\"(Deutsch) Besonderen Wasserquellen werden eine heilende Wirkung nachgesagt. Wasser wird h\u00e4ufig in unsere Heilmethoden eingebunden. Hier erfahren Sie mehr.\" \/>\n<meta name=\"robots\" content=\"index, follow, max-snippet:-1, max-image-preview:large, max-video-preview:-1\" \/>\n<link rel=\"canonical\" href=\"https:\/\/www.dumo.net\/lichtwasser\/\" \/>\n<meta property=\"og:locale\" content=\"fr_FR\" \/>\n<meta property=\"og:type\" content=\"article\" \/>\n<meta property=\"og:title\" content=\"[:de]Lichtwasser - Heilpraktiker Laurent Dumonet M\u00fcnchen [:en]Live Water - Naturopath Munich L. Dumonet [:]\" \/>\n<meta property=\"og:description\" content=\"{:de}Besonderen Wasserquellen werden eine heilende Wirkung nachgesagt. Wasser wird h\u00e4ufig in unsere Heilmethoden eingebunden. Hier erfahren Sie mehr. {:en}Specific water sources are known to have healing properties. Water is often used in our therapeutic methods. Learn more here. {:}\" \/>\n<meta property=\"og:url\" content=\"https:\/\/www.dumo.net\/lichtwasser\/\" \/>\n<meta property=\"og:site_name\" content=\"Heilpraxis Laurent Dumonet\" \/>\n<meta property=\"article:publisher\" content=\"https:\/\/www.facebook.com\/heilpraktikerdumonet\/\" \/>\n<meta property=\"article:modified_time\" content=\"2024-03-12T13:13:45+00:00\" \/>\n<meta property=\"og:image\" content=\"http:\/\/naturheilpraxislaurentd.apps-1and1.net\/wp-content\/uploads\/2015\/03\/Wasser.png\" \/>\n<meta name=\"twitter:label1\" content=\"Dur\u00e9e de lecture estim\u00e9e\" \/>\n\t<meta name=\"twitter:data1\" content=\"5 minutes\" \/>\n<script type=\"application\/ld+json\" class=\"yoast-schema-graph\">{\"@context\":\"https:\/\/schema.org\",\"@graph\":[{\"@type\":\"WebPage\",\"@id\":\"https:\/\/www.dumo.net\/lichtwasser\/\",\"url\":\"https:\/\/www.dumo.net\/lichtwasser\/\",\"name\":\"[:de]Lichtwasser - Heilpraktiker Laurent Dumonet M\u00fcnchen [:en]Live Water - Naturopath Munich L. Dumonet [:]\",\"isPartOf\":{\"@id\":\"https:\/\/www.dumo.net\/#website\"},\"primaryImageOfPage\":{\"@id\":\"https:\/\/www.dumo.net\/lichtwasser\/#primaryimage\"},\"image\":{\"@id\":\"https:\/\/www.dumo.net\/lichtwasser\/#primaryimage\"},\"thumbnailUrl\":\"http:\/\/naturheilpraxislaurentd.apps-1and1.net\/wp-content\/uploads\/2015\/03\/Wasser.png\",\"datePublished\":\"2015-03-23T16:42:20+00:00\",\"dateModified\":\"2024-03-12T13:13:45+00:00\",\"description\":\"{:de}Besonderen Wasserquellen werden eine heilende Wirkung nachgesagt. Wasser wird h\u00e4ufig in unsere Heilmethoden eingebunden. Hier erfahren Sie mehr. {:en}Specific water sources are known to have healing properties. Water is often used in our therapeutic methods. Learn more here. {:}\",\"breadcrumb\":{\"@id\":\"https:\/\/www.dumo.net\/lichtwasser\/#breadcrumb\"},\"inLanguage\":\"fr-FR\",\"potentialAction\":[{\"@type\":\"ReadAction\",\"target\":[\"https:\/\/www.dumo.net\/lichtwasser\/\"]}]},{\"@type\":\"ImageObject\",\"inLanguage\":\"fr-FR\",\"@id\":\"https:\/\/www.dumo.net\/lichtwasser\/#primaryimage\",\"url\":\"http:\/\/naturheilpraxislaurentd.apps-1and1.net\/wp-content\/uploads\/2015\/03\/Wasser.png\",\"contentUrl\":\"http:\/\/naturheilpraxislaurentd.apps-1and1.net\/wp-content\/uploads\/2015\/03\/Wasser.png\"},{\"@type\":\"BreadcrumbList\",\"@id\":\"https:\/\/www.dumo.net\/lichtwasser\/#breadcrumb\",\"itemListElement\":[{\"@type\":\"ListItem\",\"position\":1,\"name\":\"Home\",\"item\":\"https:\/\/www.dumo.net\/\"},{\"@type\":\"ListItem\",\"position\":2,\"name\":\"Lichtwasser\"}]},{\"@type\":\"WebSite\",\"@id\":\"https:\/\/www.dumo.net\/#website\",\"url\":\"https:\/\/www.dumo.net\/\",\"name\":\"Heilpraxis Laurent Dumonet\",\"description\":\"\",\"publisher\":{\"@id\":\"https:\/\/www.dumo.net\/#organization\"},\"potentialAction\":[{\"@type\":\"SearchAction\",\"target\":{\"@type\":\"EntryPoint\",\"urlTemplate\":\"https:\/\/www.dumo.net\/?s={search_term_string}\"},\"query-input\":\"required name=search_term_string\"}],\"inLanguage\":\"fr-FR\"},{\"@type\":\"Organization\",\"@id\":\"https:\/\/www.dumo.net\/#organization\",\"name\":\"Naturheilpraxis Laurent Dumonet - Heilpraktiker\",\"url\":\"https:\/\/www.dumo.net\/\",\"logo\":{\"@type\":\"ImageObject\",\"inLanguage\":\"fr-FR\",\"@id\":\"https:\/\/www.dumo.net\/#\/schema\/logo\/image\/\",\"url\":\"\",\"contentUrl\":\"\",\"caption\":\"Naturheilpraxis Laurent Dumonet - Heilpraktiker\"},\"image\":{\"@id\":\"https:\/\/www.dumo.net\/#\/schema\/logo\/image\/\"},\"sameAs\":[\"https:\/\/www.facebook.com\/heilpraktikerdumonet\/\"]}]}<\/script>\n<!-- \/ Yoast SEO plugin. -->","yoast_head_json":{"title":"(Deutsch) Lichtwasser - Heilpraktiker Laurent Dumonet M\u00fcnchen","description":"(Deutsch) Besonderen Wasserquellen werden eine heilende Wirkung nachgesagt. Wasser wird h\u00e4ufig in unsere Heilmethoden eingebunden. Hier erfahren Sie mehr.","robots":{"index":"index","follow":"follow","max-snippet":"max-snippet:-1","max-image-preview":"max-image-preview:large","max-video-preview":"max-video-preview:-1"},"canonical":"https:\/\/www.dumo.net\/lichtwasser\/","og_locale":"fr_FR","og_type":"article","og_title":"[:de]Lichtwasser - Heilpraktiker Laurent Dumonet M\u00fcnchen [:en]Live Water - Naturopath Munich L. Dumonet [:]","og_description":"{:de}Besonderen Wasserquellen werden eine heilende Wirkung nachgesagt. Wasser wird h\u00e4ufig in unsere Heilmethoden eingebunden. Hier erfahren Sie mehr. {:en}Specific water sources are known to have healing properties. Water is often used in our therapeutic methods. Learn more here. {:}","og_url":"https:\/\/www.dumo.net\/lichtwasser\/","og_site_name":"Heilpraxis Laurent Dumonet","article_publisher":"https:\/\/www.facebook.com\/heilpraktikerdumonet\/","article_modified_time":"2024-03-12T13:13:45+00:00","og_image":[{"url":"http:\/\/naturheilpraxislaurentd.apps-1and1.net\/wp-content\/uploads\/2015\/03\/Wasser.png"}],"twitter_misc":{"Dur\u00e9e de lecture estim\u00e9e":"5 minutes"},"schema":{"@context":"https:\/\/schema.org","@graph":[{"@type":"WebPage","@id":"https:\/\/www.dumo.net\/lichtwasser\/","url":"https:\/\/www.dumo.net\/lichtwasser\/","name":"[:de]Lichtwasser - Heilpraktiker Laurent Dumonet M\u00fcnchen [:en]Live Water - Naturopath Munich L. Dumonet [:]","isPartOf":{"@id":"https:\/\/www.dumo.net\/#website"},"primaryImageOfPage":{"@id":"https:\/\/www.dumo.net\/lichtwasser\/#primaryimage"},"image":{"@id":"https:\/\/www.dumo.net\/lichtwasser\/#primaryimage"},"thumbnailUrl":"http:\/\/naturheilpraxislaurentd.apps-1and1.net\/wp-content\/uploads\/2015\/03\/Wasser.png","datePublished":"2015-03-23T16:42:20+00:00","dateModified":"2024-03-12T13:13:45+00:00","description":"{:de}Besonderen Wasserquellen werden eine heilende Wirkung nachgesagt. Wasser wird h\u00e4ufig in unsere Heilmethoden eingebunden. Hier erfahren Sie mehr. {:en}Specific water sources are known to have healing properties. Water is often used in our therapeutic methods. Learn more here. {:}","breadcrumb":{"@id":"https:\/\/www.dumo.net\/lichtwasser\/#breadcrumb"},"inLanguage":"fr-FR","potentialAction":[{"@type":"ReadAction","target":["https:\/\/www.dumo.net\/lichtwasser\/"]}]},{"@type":"ImageObject","inLanguage":"fr-FR","@id":"https:\/\/www.dumo.net\/lichtwasser\/#primaryimage","url":"http:\/\/naturheilpraxislaurentd.apps-1and1.net\/wp-content\/uploads\/2015\/03\/Wasser.png","contentUrl":"http:\/\/naturheilpraxislaurentd.apps-1and1.net\/wp-content\/uploads\/2015\/03\/Wasser.png"},{"@type":"BreadcrumbList","@id":"https:\/\/www.dumo.net\/lichtwasser\/#breadcrumb","itemListElement":[{"@type":"ListItem","position":1,"name":"Home","item":"https:\/\/www.dumo.net\/"},{"@type":"ListItem","position":2,"name":"Lichtwasser"}]},{"@type":"WebSite","@id":"https:\/\/www.dumo.net\/#website","url":"https:\/\/www.dumo.net\/","name":"Heilpraxis Laurent Dumonet","description":"","publisher":{"@id":"https:\/\/www.dumo.net\/#organization"},"potentialAction":[{"@type":"SearchAction","target":{"@type":"EntryPoint","urlTemplate":"https:\/\/www.dumo.net\/?s={search_term_string}"},"query-input":"required name=search_term_string"}],"inLanguage":"fr-FR"},{"@type":"Organization","@id":"https:\/\/www.dumo.net\/#organization","name":"Naturheilpraxis Laurent Dumonet - Heilpraktiker","url":"https:\/\/www.dumo.net\/","logo":{"@type":"ImageObject","inLanguage":"fr-FR","@id":"https:\/\/www.dumo.net\/#\/schema\/logo\/image\/","url":"","contentUrl":"","caption":"Naturheilpraxis Laurent Dumonet - Heilpraktiker"},"image":{"@id":"https:\/\/www.dumo.net\/#\/schema\/logo\/image\/"},"sameAs":["https:\/\/www.facebook.com\/heilpraktikerdumonet\/"]}]}},"_links":{"self":[{"href":"https:\/\/www.dumo.net\/fr\/wp-json\/wp\/v2\/pages\/30"}],"collection":[{"href":"https:\/\/www.dumo.net\/fr\/wp-json\/wp\/v2\/pages"}],"about":[{"href":"https:\/\/www.dumo.net\/fr\/wp-json\/wp\/v2\/types\/page"}],"author":[{"embeddable":true,"href":"https:\/\/www.dumo.net\/fr\/wp-json\/wp\/v2\/users\/1"}],"replies":[{"embeddable":true,"href":"https:\/\/www.dumo.net\/fr\/wp-json\/wp\/v2\/comments?post=30"}],"version-history":[{"count":22,"href":"https:\/\/www.dumo.net\/fr\/wp-json\/wp\/v2\/pages\/30\/revisions"}],"predecessor-version":[{"id":172,"href":"https:\/\/www.dumo.net\/fr\/wp-json\/wp\/v2\/pages\/30\/revisions\/172"}],"wp:attachment":[{"href":"https:\/\/www.dumo.net\/fr\/wp-json\/wp\/v2\/media?parent=30"}],"curies":[{"name":"wp","href":"https:\/\/api.w.org\/{rel}","templated":true}]}}