{"id":1610,"date":"2020-05-15T09:46:25","date_gmt":"2020-05-15T09:46:25","guid":{"rendered":"https:\/\/www.dumo.net\/?page_id=1610"},"modified":"2022-09-19T12:22:41","modified_gmt":"2022-09-19T12:22:41","slug":"kinderwunsch","status":"publish","type":"page","link":"https:\/\/www.dumo.net\/fr\/kinderwunsch\/","title":{"rendered":"(Deutsch) Kinderwunsch"},"content":{"rendered":"<p><div class=\"fusion-fullwidth fullwidth-box fusion-builder-row-3 nonhundred-percent-fullwidth non-hundred-percent-height-scrolling\"  style='background-color: rgba(255,255,255,0);background-position: center center;background-repeat: no-repeat;padding-top:0px;padding-right:0px;padding-bottom:0px;padding-left:0px;border-top-width:0px;border-bottom-width:0px;border-color:#eae9e9;border-top-style:solid;border-bottom-style:solid;'><div class=\"fusion-builder-row fusion-row \"><div  class=\"fusion-layout-column fusion_builder_column fusion_builder_column_1_3 fusion-builder-column-4 fusion-one-third fusion-column-first 1_3\"  style='margin-top:0px;margin-bottom:20px;width:33.33%;width:calc(33.33% - ( ( 4% ) * 0.3333 ) );margin-right: 4%;'><div class=\"fusion-column-wrapper\" style=\"padding: 0px 0px 0px 0px;background-position:left top;background-repeat:no-repeat;-webkit-background-size:cover;-moz-background-size:cover;-o-background-size:cover;background-size:cover;\"   data-bg-url=\"\"><span class=\"fusion-imageframe imageframe-none imageframe-3 hover-type-none\"><img loading=\"lazy\" decoding=\"async\" src=\"https:\/\/www.dumo.net\/wp-content\/uploads\/2017\/10\/KINDERWUNSCH-Fotolia_79415025_XS.jpg\" width=\"424\" height=\"283\" alt=\"Kinderwunsch\" title=\"Junge Frau denkt an Kinderwagen\" class=\"img-responsive wp-image-1395\" srcset=\"https:\/\/www.dumo.net\/wp-content\/uploads\/2017\/10\/KINDERWUNSCH-Fotolia_79415025_XS-200x133.jpg 200w, https:\/\/www.dumo.net\/wp-content\/uploads\/2017\/10\/KINDERWUNSCH-Fotolia_79415025_XS-400x267.jpg 400w, https:\/\/www.dumo.net\/wp-content\/uploads\/2017\/10\/KINDERWUNSCH-Fotolia_79415025_XS.jpg 424w\" sizes=\"(max-width: 800px) 100vw, 424px\" \/><\/span><div class=\"fusion-clearfix\"><\/div><\/div><\/div><div  class=\"fusion-layout-column fusion_builder_column fusion_builder_column_2_3 fusion-builder-column-5 fusion-two-third fusion-column-last 2_3\"  style='margin-top:0px;margin-bottom:20px;width:66.66%;width:calc(66.66% - ( ( 4% ) * 0.6666 ) );'><div class=\"fusion-column-wrapper\" style=\"padding: 0px 0px 0px 0px;background-position:left top;background-repeat:no-repeat;-webkit-background-size:cover;-moz-background-size:cover;-o-background-size:cover;background-size:cover;\"   data-bg-url=\"\"><div class=\"fusion-text\"><p>L\u2019infertilit\u00e9 ou le d\u00e9sir insatisfait d&rsquo;avoir des enfants, un probl\u00e8me qui devient de plus en plus un fardeau pour les couples. Surtout si, malgr\u00e9 de bonnes circonstances, la grossesse se fait attendre.<\/p>\n<p>Il n&rsquo;y a presque rien de plus merveilleux que la vie qui prend naissance par\u00a0l\u2019amour entre deux personnes.<\/p>\n<p>Malheureusement, devenir enceinte avec succ\u00e8s ainsi que le bon d\u00e9roulement ult\u00e9rieur d&rsquo;une grossesse est un \u00e9v\u00e9nement qu&rsquo;on ne peut vraiment pas contr\u00f4ler, m\u00eame de nos jours. Il faut plus que deux personnes volontaires, des m\u00e9decins avec de bons conseils et beaucoup de technologie. Ce n&rsquo;est d\u2019ailleurs pas sans raison qu&rsquo;on l&rsquo;appelle le \u00ab\u00a0miracle de la vie\u00a0\u00bb.<\/p>\n<p>C&rsquo;est particuli\u00e8rement frustrant quand de nombreux tests ont d\u00e9j\u00e0 \u00e9t\u00e9 effectu\u00e9s et que les m\u00e9decins confirment que tout va bien. N\u00e9anmoins, cette merveille naturelle tant attendue ne se r\u00e9alise pas. Il y a bien s\u00fbr de nombreuses raisons \u00e0 cela, mais beaucoup d&rsquo;entre elles passent souvent inaper\u00e7ues.<\/p>\n<p>Les facteurs favorisants bien connus sont, entre autre une alimentation saine, un environnement de vie et de travail d\u00e9tendu, une attitude d\u00e9tendue face \u00e0 la vie et ses circonstances, une activit\u00e9 physique r\u00e9guli\u00e8re et \u00e9quilibr\u00e9e, etc.<\/p>\n<p>De nombreux facteurs de blocage sont \u00e9galement \u00e9voqu\u00e9s : \u00e0 commencer par les formes de contraception chimiques \u00e0 long terme ou les traitements hormonaux ; le stress sous toutes ses formes (y compris le stress caus\u00e9 par l&rsquo;attente prolong\u00e9e d&rsquo;une grossesse)\u00a0; carences en vitamines, min\u00e9raux et autres nutriments, etc.<\/p>\n<p>Des recherches r\u00e9centes montrent que le fait de transporter des t\u00e9l\u00e9phones portables dans les poches de pantalon, surtout pour les hommes, est \u00e9galement une cause de probl\u00e8me et un sujet de conversation plus important ces jours-ci.<\/p>\n<p>Dans une soci\u00e9t\u00e9 dont les tendances emp\u00eachent de plus en plus le maintien d\u2019un mode de vie durable et \u00e9quilibr\u00e9, il n&rsquo;est pas surprenant que d&rsquo;importants processus naturels en p\u00e2tissent.<\/p>\n<p>Alors que faire\u00a0?<\/p>\n<p>Il faut commencer par une introspection approfondie\u00a0: suis-je \u00e9quilibr\u00e9\u00a0? Est-ce que je me laisse trop stresser\u00a0? Ai-je des carences alimentaires\u00a0? Ai-je peur ? Suis-je une personne heureuse et spontan\u00e9e qui trouve quelque chose de positif dans chaque situation\u00a0?<\/p>\n<p>Un examen dans mon cabinet peut vous aider et permettre une perspective plus approfondie qui donnera plus de chance \u00e0 la th\u00e9rapie sur mesure que je vous proposerais.<br \/>\nN\u2019h\u00e9sitez pas \u00e0 me contacter pour discuter des possibilit\u00e9s que mes m\u00e9thodes de traitement peuvent vous offrir.<\/p>\n<p>Je suis g\u00e9n\u00e9ralement disponible pour des entretiens d&rsquo;information gratuits jusqu&rsquo;\u00e0 21h\u00a0(le mardi jusqu\u2019\u00e0 17h30) \u2013 appelez-moi au +49 1575 54 74 55 94 ou au +49 89 41 22 00 00, je serais enchant\u00e9 de pouvoir vous aider.<\/p>\n<\/div><div class=\"fusion-clearfix\"><\/div><\/div><\/div><\/div><\/div><style type=\"text\/css\">.fusion-fullwidth.fusion-builder-row-3 a:not(.fusion-button):not(.fusion-builder-module-control):not(.fusion-social-network-icon):not(.fb-icon-element):not(.fusion-countdown-link):not(.fusion-rollover-link):not(.fusion-rollover-gallery):not(.fusion-button-bar):not(.add_to_cart_button):not(.show_details_button):not(.product_type_external):not(.fusion-quick-view):not(.fusion-rollover-title-link):not(.fusion-breadcrumb-link) , .fusion-fullwidth.fusion-builder-row-3 a:not(.fusion-button):not(.fusion-builder-module-control):not(.fusion-social-network-icon):not(.fb-icon-element):not(.fusion-countdown-link):not(.fusion-rollover-link):not(.fusion-rollover-gallery):not(.fusion-button-bar):not(.add_to_cart_button):not(.show_details_button):not(.product_type_external):not(.fusion-quick-view):not(.fusion-rollover-title-link):not(.fusion-breadcrumb-link):before, .fusion-fullwidth.fusion-builder-row-3 a:not(.fusion-button):not(.fusion-builder-module-control):not(.fusion-social-network-icon):not(.fb-icon-element):not(.fusion-countdown-link):not(.fusion-rollover-link):not(.fusion-rollover-gallery):not(.fusion-button-bar):not(.add_to_cart_button):not(.show_details_button):not(.product_type_external):not(.fusion-quick-view):not(.fusion-rollover-title-link):not(.fusion-breadcrumb-link):after {color: #210d66;}.fusion-fullwidth.fusion-builder-row-3 a:not(.fusion-button):not(.fusion-builder-module-control):not(.fusion-social-network-icon):not(.fb-icon-element):not(.fusion-countdown-link):not(.fusion-rollover-link):not(.fusion-rollover-gallery):not(.fusion-button-bar):not(.add_to_cart_button):not(.show_details_button):not(.product_type_external):not(.fusion-quick-view):not(.fusion-rollover-title-link):not(.fusion-breadcrumb-link):hover, .fusion-fullwidth.fusion-builder-row-3 a:not(.fusion-button):not(.fusion-builder-module-control):not(.fusion-social-network-icon):not(.fb-icon-element):not(.fusion-countdown-link):not(.fusion-rollover-link):not(.fusion-rollover-gallery):not(.fusion-button-bar):not(.add_to_cart_button):not(.show_details_button):not(.product_type_external):not(.fusion-quick-view):not(.fusion-rollover-title-link):not(.fusion-breadcrumb-link):hover:before, .fusion-fullwidth.fusion-builder-row-3 a:not(.fusion-button):not(.fusion-builder-module-control):not(.fusion-social-network-icon):not(.fb-icon-element):not(.fusion-countdown-link):not(.fusion-rollover-link):not(.fusion-rollover-gallery):not(.fusion-button-bar):not(.add_to_cart_button):not(.show_details_button):not(.product_type_external):not(.fusion-quick-view):not(.fusion-rollover-title-link):not(.fusion-breadcrumb-link):hover:after {color: #3e9a30;}.fusion-fullwidth.fusion-builder-row-3 .pagination a.inactive:hover, .fusion-fullwidth.fusion-builder-row-3 .fusion-filters .fusion-filter.fusion-active a {border-color: #3e9a30;}.fusion-fullwidth.fusion-builder-row-3 .pagination .current {border-color: #3e9a30; background-color: #3e9a30;}.fusion-fullwidth.fusion-builder-row-3 .fusion-filters .fusion-filter.fusion-active a, .fusion-fullwidth.fusion-builder-row-3 .fusion-date-and-formats .fusion-format-box, .fusion-fullwidth.fusion-builder-row-3 .fusion-popover, .fusion-fullwidth.fusion-builder-row-3 .tooltip-shortcode {color: #3e9a30;}#main .fusion-fullwidth.fusion-builder-row-3 .post .blog-shortcode-post-title a:hover {color: #3e9a30;}<\/style><\/p>","protected":false},"excerpt":{"rendered":"","protected":false},"author":1,"featured_media":0,"parent":0,"menu_order":0,"comment_status":"closed","ping_status":"closed","template":"","meta":{"footnotes":""},"yoast_head":"<!-- This site is optimized with the Yoast SEO plugin v22.8 - https:\/\/yoast.com\/wordpress\/plugins\/seo\/ -->\n<title>(Deutsch) Kinderwunsch - Heilpraxis Laurent Dumonet<\/title>\n<meta name=\"robots\" content=\"index, follow, max-snippet:-1, max-image-preview:large, max-video-preview:-1\" \/>\n<link rel=\"canonical\" href=\"https:\/\/www.dumo.net\/kinderwunsch\/\" \/>\n<meta property=\"og:locale\" content=\"fr_FR\" \/>\n<meta property=\"og:type\" content=\"article\" \/>\n<meta property=\"og:title\" content=\"[:de]Kinderwunsch[:en]Kinderwunsch[:] - Heilpraxis Laurent Dumonet\" \/>\n<meta property=\"og:url\" content=\"https:\/\/www.dumo.net\/kinderwunsch\/\" \/>\n<meta property=\"og:site_name\" content=\"Heilpraxis Laurent Dumonet\" \/>\n<meta property=\"article:publisher\" content=\"https:\/\/www.facebook.com\/heilpraktikerdumonet\/\" \/>\n<meta property=\"article:modified_time\" content=\"2022-09-19T12:22:41+00:00\" \/>\n<meta name=\"twitter:label1\" content=\"Dur\u00e9e de lecture estim\u00e9e\" \/>\n\t<meta name=\"twitter:data1\" content=\"16 minutes\" \/>\n<script type=\"application\/ld+json\" class=\"yoast-schema-graph\">{\"@context\":\"https:\/\/schema.org\",\"@graph\":[{\"@type\":\"WebPage\",\"@id\":\"https:\/\/www.dumo.net\/kinderwunsch\/\",\"url\":\"https:\/\/www.dumo.net\/kinderwunsch\/\",\"name\":\"[:de]Kinderwunsch[:en]Kinderwunsch[:] - Heilpraxis Laurent Dumonet\",\"isPartOf\":{\"@id\":\"https:\/\/www.dumo.net\/#website\"},\"datePublished\":\"2020-05-15T09:46:25+00:00\",\"dateModified\":\"2022-09-19T12:22:41+00:00\",\"breadcrumb\":{\"@id\":\"https:\/\/www.dumo.net\/kinderwunsch\/#breadcrumb\"},\"inLanguage\":\"fr-FR\",\"potentialAction\":[{\"@type\":\"ReadAction\",\"target\":[\"https:\/\/www.dumo.net\/kinderwunsch\/\"]}]},{\"@type\":\"BreadcrumbList\",\"@id\":\"https:\/\/www.dumo.net\/kinderwunsch\/#breadcrumb\",\"itemListElement\":[{\"@type\":\"ListItem\",\"position\":1,\"name\":\"Home\",\"item\":\"https:\/\/www.dumo.net\/\"},{\"@type\":\"ListItem\",\"position\":2,\"name\":\"Kinderwunsch\"}]},{\"@type\":\"WebSite\",\"@id\":\"https:\/\/www.dumo.net\/#website\",\"url\":\"https:\/\/www.dumo.net\/\",\"name\":\"Heilpraxis Laurent Dumonet\",\"description\":\"\",\"publisher\":{\"@id\":\"https:\/\/www.dumo.net\/#organization\"},\"potentialAction\":[{\"@type\":\"SearchAction\",\"target\":{\"@type\":\"EntryPoint\",\"urlTemplate\":\"https:\/\/www.dumo.net\/?s={search_term_string}\"},\"query-input\":\"required name=search_term_string\"}],\"inLanguage\":\"fr-FR\"},{\"@type\":\"Organization\",\"@id\":\"https:\/\/www.dumo.net\/#organization\",\"name\":\"Naturheilpraxis Laurent Dumonet - Heilpraktiker\",\"url\":\"https:\/\/www.dumo.net\/\",\"logo\":{\"@type\":\"ImageObject\",\"inLanguage\":\"fr-FR\",\"@id\":\"https:\/\/www.dumo.net\/#\/schema\/logo\/image\/\",\"url\":\"\",\"contentUrl\":\"\",\"caption\":\"Naturheilpraxis Laurent Dumonet - Heilpraktiker\"},\"image\":{\"@id\":\"https:\/\/www.dumo.net\/#\/schema\/logo\/image\/\"},\"sameAs\":[\"https:\/\/www.facebook.com\/heilpraktikerdumonet\/\"]}]}<\/script>\n<!-- \/ Yoast SEO plugin. -->","yoast_head_json":{"title":"(Deutsch) Kinderwunsch - Heilpraxis Laurent Dumonet","robots":{"index":"index","follow":"follow","max-snippet":"max-snippet:-1","max-image-preview":"max-image-preview:large","max-video-preview":"max-video-preview:-1"},"canonical":"https:\/\/www.dumo.net\/kinderwunsch\/","og_locale":"fr_FR","og_type":"article","og_title":"[:de]Kinderwunsch[:en]Kinderwunsch[:] - Heilpraxis Laurent Dumonet","og_url":"https:\/\/www.dumo.net\/kinderwunsch\/","og_site_name":"Heilpraxis Laurent Dumonet","article_publisher":"https:\/\/www.facebook.com\/heilpraktikerdumonet\/","article_modified_time":"2022-09-19T12:22:41+00:00","twitter_misc":{"Dur\u00e9e de lecture estim\u00e9e":"16 minutes"},"schema":{"@context":"https:\/\/schema.org","@graph":[{"@type":"WebPage","@id":"https:\/\/www.dumo.net\/kinderwunsch\/","url":"https:\/\/www.dumo.net\/kinderwunsch\/","name":"[:de]Kinderwunsch[:en]Kinderwunsch[:] - Heilpraxis Laurent Dumonet","isPartOf":{"@id":"https:\/\/www.dumo.net\/#website"},"datePublished":"2020-05-15T09:46:25+00:00","dateModified":"2022-09-19T12:22:41+00:00","breadcrumb":{"@id":"https:\/\/www.dumo.net\/kinderwunsch\/#breadcrumb"},"inLanguage":"fr-FR","potentialAction":[{"@type":"ReadAction","target":["https:\/\/www.dumo.net\/kinderwunsch\/"]}]},{"@type":"BreadcrumbList","@id":"https:\/\/www.dumo.net\/kinderwunsch\/#breadcrumb","itemListElement":[{"@type":"ListItem","position":1,"name":"Home","item":"https:\/\/www.dumo.net\/"},{"@type":"ListItem","position":2,"name":"Kinderwunsch"}]},{"@type":"WebSite","@id":"https:\/\/www.dumo.net\/#website","url":"https:\/\/www.dumo.net\/","name":"Heilpraxis Laurent Dumonet","description":"","publisher":{"@id":"https:\/\/www.dumo.net\/#organization"},"potentialAction":[{"@type":"SearchAction","target":{"@type":"EntryPoint","urlTemplate":"https:\/\/www.dumo.net\/?s={search_term_string}"},"query-input":"required name=search_term_string"}],"inLanguage":"fr-FR"},{"@type":"Organization","@id":"https:\/\/www.dumo.net\/#organization","name":"Naturheilpraxis Laurent Dumonet - Heilpraktiker","url":"https:\/\/www.dumo.net\/","logo":{"@type":"ImageObject","inLanguage":"fr-FR","@id":"https:\/\/www.dumo.net\/#\/schema\/logo\/image\/","url":"","contentUrl":"","caption":"Naturheilpraxis Laurent Dumonet - Heilpraktiker"},"image":{"@id":"https:\/\/www.dumo.net\/#\/schema\/logo\/image\/"},"sameAs":["https:\/\/www.facebook.com\/heilpraktikerdumonet\/"]}]}},"_links":{"self":[{"href":"https:\/\/www.dumo.net\/fr\/wp-json\/wp\/v2\/pages\/1610"}],"collection":[{"href":"https:\/\/www.dumo.net\/fr\/wp-json\/wp\/v2\/pages"}],"about":[{"href":"https:\/\/www.dumo.net\/fr\/wp-json\/wp\/v2\/types\/page"}],"author":[{"embeddable":true,"href":"https:\/\/www.dumo.net\/fr\/wp-json\/wp\/v2\/users\/1"}],"replies":[{"embeddable":true,"href":"https:\/\/www.dumo.net\/fr\/wp-json\/wp\/v2\/comments?post=1610"}],"version-history":[{"count":17,"href":"https:\/\/www.dumo.net\/fr\/wp-json\/wp\/v2\/pages\/1610\/revisions"}],"predecessor-version":[{"id":1836,"href":"https:\/\/www.dumo.net\/fr\/wp-json\/wp\/v2\/pages\/1610\/revisions\/1836"}],"wp:attachment":[{"href":"https:\/\/www.dumo.net\/fr\/wp-json\/wp\/v2\/media?parent=1610"}],"curies":[{"name":"wp","href":"https:\/\/api.w.org\/{rel}","templated":true}]}}