{"id":55,"date":"2015-03-24T12:31:07","date_gmt":"2015-03-24T12:31:07","guid":{"rendered":"http:\/\/naturheilpraxislaurentd.apps-1and1.net\/?page_id=55"},"modified":"2020-09-16T17:16:09","modified_gmt":"2020-09-16T17:16:09","slug":"behandlung","status":"publish","type":"page","link":"https:\/\/www.dumo.net\/en\/behandlung\/","title":{"rendered":"Treatment"},"content":{"rendered":"<p><div class=\"fusion-fullwidth fullwidth-box fusion-builder-row-4 nonhundred-percent-fullwidth non-hundred-percent-height-scrolling\"  style='background-color: rgba(255,255,255,0);background-position: center center;background-repeat: no-repeat;padding-top:0px;padding-right:0px;padding-bottom:0px;padding-left:0px;border-top-width:0px;border-bottom-width:0px;border-color:#eae9e9;border-top-style:solid;border-bottom-style:solid;'><div class=\"fusion-builder-row fusion-row \"><div  class=\"fusion-layout-column fusion_builder_column fusion_builder_column_1_1 fusion-builder-column-5 fusion-one-full fusion-column-first fusion-column-last 1_1\"  style='margin-top:0px;margin-bottom:0px;'><div class=\"fusion-column-wrapper\" style=\"padding: 0px 0px 0px 0px;background-position:left top;background-repeat:no-repeat;-webkit-background-size:cover;-moz-background-size:cover;-o-background-size:cover;background-size:cover;\"   data-bg-url=\"\"><div class=\"fusion-text\"><\/div><div class=\"fusion-clearfix\"><\/div><\/div><\/div><\/div><\/div><div class=\"fusion-fullwidth fullwidth-box fusion-builder-row-5 hundred-percent-fullwidth non-hundred-percent-height-scrolling\"  style='background-color: rgba(255,255,255,0);background-position: center center;background-repeat: no-repeat;padding-top:0px;padding-right:0px;padding-bottom:0px;padding-left:0px;border-top-width:0px;border-bottom-width:0px;border-color:#eae9e9;border-top-style:solid;border-bottom-style:solid;'><div class=\"fusion-builder-row fusion-row \"><div  class=\"fusion-layout-column fusion_builder_column fusion_builder_column_1_2 fusion-builder-column-6 fusion-one-half fusion-column-first fusion-column-no-min-height 1_2\"  style='margin-top:0px;margin-bottom:0px;width:48%; margin-right: 4%;'><div class=\"fusion-column-wrapper\" style=\"padding: 0px 0px 0px 0px;background-position:left top;background-repeat:no-repeat;-webkit-background-size:cover;-moz-background-size:cover;-o-background-size:cover;background-size:cover;\"   data-bg-url=\"\"><div class=\"fusion-text\"><p><a href=\"http:\/\/www.dumo.net\/wp-content\/uploads\/2015\/03\/Behandlung.png\"><img loading=\"lazy\" decoding=\"async\" class=\"size-full wp-image-195 aligncenter\" src=\"http:\/\/www.dumo.net\/wp-content\/uploads\/2015\/03\/Behandlung.png\" alt=\"Treatment\" width=\"451\" height=\"283\" srcset=\"https:\/\/www.dumo.net\/wp-content\/uploads\/2015\/03\/Behandlung-200x125.png 200w, https:\/\/www.dumo.net\/wp-content\/uploads\/2015\/03\/Behandlung-300x188.png 300w, https:\/\/www.dumo.net\/wp-content\/uploads\/2015\/03\/Behandlung-320x202.png 320w, https:\/\/www.dumo.net\/wp-content\/uploads\/2015\/03\/Behandlung-400x251.png 400w, https:\/\/www.dumo.net\/wp-content\/uploads\/2015\/03\/Behandlung.png 451w\" sizes=\"(max-width: 451px) 100vw, 451px\" \/><\/a><\/p>\n<\/div><div class=\"fusion-clearfix\"><\/div><\/div><\/div><div  class=\"fusion-layout-column fusion_builder_column fusion_builder_column_1_2 fusion-builder-column-7 fusion-one-half fusion-column-last 1_2\"  style='margin-top:0px;margin-bottom:20px;width:48%'><div class=\"fusion-column-wrapper\" style=\"padding: 0px 0px 0px 0px;background-position:left top;background-blend-mode: overlay;background-repeat:no-repeat;-webkit-background-size:cover;-moz-background-size:cover;-o-background-size:cover;background-size:cover;\"   data-bg-url=\"\"><style type=\"text\/css\">@media only screen and (max-width:800px) {.fusion-title.fusion-title-2{margin-top:10px!important;margin-bottom:10px!important;}}<\/style><div class=\"fusion-title title fusion-title-2 fusion-title-text fusion-title-size-two\" style=\"margin-top:0px;margin-bottom:31px;\"><h2 class=\"title-heading-left\" style=\"margin:0;\">Treatment<\/h2><div class=\"title-sep-container\"><div class=\"title-sep sep-double sep-solid\" style=\"border-color:#e0dede;\"><\/div><\/div><\/div><div class=\"fusion-text\"><p><strong>General Information\u00a0<\/strong><br \/>\nIt is very important for me to give your concerns sufficient time and also to make\u00a0a thorough in-depth analysis. A primary consultation\u00a0can therefore require\u00a0up to two hours of time, for a secondary consultation\/check-up allow for up to one hour.<br \/>\nA balanced life style and a healthy diet are important factors for the preservation of good health. We will of course relate to these topics during the consultation.<\/p>\n<p><strong>Method of Treatment:<\/strong><\/p>\n<ul>\n<li>Blood analysis using Dark-Field Microscopy<\/li>\n<li>Quantum-Resonance \/ Radionic<\/li>\n<li>Homeopathy<\/li>\n<li>Live Water therapy<\/li>\n<\/ul>\n<p><strong>Service offer<\/strong><\/p>\n<ul>\n<li>Primary and secondary examination using Dark-Field Microscopy and Quantum medicine<\/li>\n<li>Treatment with Homeopathy (for registered patients house-calls are available too, for example for cases of flu)<\/li>\n<li>Laboratory service (Quantum Analysis without Appointment &#8211; please call me for details)<\/li>\n<li>Consultation on the topic of\u00a0\u00a0Healthy Diet and balanced life style<\/li>\n<\/ul>\n<\/div><div class=\"fusion-clearfix\"><\/div><\/div><\/div><\/div><\/div><div class=\"fusion-fullwidth fullwidth-box fusion-builder-row-6 nonhundred-percent-fullwidth non-hundred-percent-height-scrolling\"  style='background-color: rgba(255,255,255,0);background-position: center center;background-repeat: no-repeat;padding-top:0px;padding-right:0px;padding-bottom:0px;padding-left:0px;border-top-width:0px;border-bottom-width:0px;border-color:#eae9e9;border-top-style:solid;border-bottom-style:solid;'><div class=\"fusion-builder-row fusion-row \"><div  class=\"fusion-layout-column fusion_builder_column fusion_builder_column_1_1 fusion-builder-column-8 fusion-one-full fusion-column-first fusion-column-last 1_1\"  style='margin-top:0px;margin-bottom:0px;'><div class=\"fusion-column-wrapper\" style=\"padding: 0px 0px 0px 0px;background-position:left top;background-repeat:no-repeat;-webkit-background-size:cover;-moz-background-size:cover;-o-background-size:cover;background-size:cover;\"   data-bg-url=\"\"><div class=\"fusion-text\"><\/div><div class=\"fusion-clearfix\"><\/div><\/div><\/div><\/div><\/div><\/p>","protected":false},"excerpt":{"rendered":"","protected":false},"author":1,"featured_media":0,"parent":0,"menu_order":0,"comment_status":"closed","ping_status":"closed","template":"","meta":{"footnotes":""},"yoast_head":"<!-- This site is optimized with the Yoast SEO plugin v22.8 - https:\/\/yoast.com\/wordpress\/plugins\/seo\/ -->\n<title>Behandlung - Heilpraktiker in M\u00fcnchen Laurent Dumonet<\/title>\n<meta name=\"description\" content=\"Mein Ziel ist es, in wenige Behandlungen Ursachen und L\u00f6sungen f\u00fcr Sie zu finden, mit Hilfe von Bio-Resonanz \/ Quanten-Resonanz &amp; Dunkelfeldmikroskopie.\" \/>\n<meta name=\"robots\" content=\"index, follow, max-snippet:-1, max-image-preview:large, max-video-preview:-1\" \/>\n<link rel=\"canonical\" href=\"https:\/\/www.dumo.net\/behandlung\/\" \/>\n<meta property=\"og:locale\" content=\"en_US\" \/>\n<meta property=\"og:type\" content=\"article\" \/>\n<meta property=\"og:title\" content=\"Behandlung - Heilpraktiker in M\u00fcnchen Laurent Dumonet\" \/>\n<meta property=\"og:description\" content=\"Mein Ziel ist es, in wenige Behandlungen Ursachen und L\u00f6sungen f\u00fcr Sie zu finden, mit Hilfe von Bio-Resonanz \/ Quanten-Resonanz &amp; Dunkelfeldmikroskopie.\" \/>\n<meta property=\"og:url\" content=\"https:\/\/www.dumo.net\/behandlung\/\" \/>\n<meta property=\"og:site_name\" content=\"Heilpraxis Laurent Dumonet\" \/>\n<meta property=\"article:publisher\" content=\"https:\/\/www.facebook.com\/heilpraktikerdumonet\/\" \/>\n<meta property=\"article:modified_time\" content=\"2020-09-16T17:16:09+00:00\" \/>\n<meta property=\"og:image\" content=\"http:\/\/www.dumo.net\/wp-content\/uploads\/2015\/03\/Behandlung.png\" \/>\n<meta name=\"twitter:label1\" content=\"Est. reading time\" \/>\n\t<meta name=\"twitter:data1\" content=\"11 minutes\" \/>\n<script type=\"application\/ld+json\" class=\"yoast-schema-graph\">{\"@context\":\"https:\/\/schema.org\",\"@graph\":[{\"@type\":\"WebPage\",\"@id\":\"https:\/\/www.dumo.net\/behandlung\/\",\"url\":\"https:\/\/www.dumo.net\/behandlung\/\",\"name\":\"Behandlung - Heilpraktiker in M\u00fcnchen Laurent Dumonet\",\"isPartOf\":{\"@id\":\"https:\/\/www.dumo.net\/#website\"},\"primaryImageOfPage\":{\"@id\":\"https:\/\/www.dumo.net\/behandlung\/#primaryimage\"},\"image\":{\"@id\":\"https:\/\/www.dumo.net\/behandlung\/#primaryimage\"},\"thumbnailUrl\":\"http:\/\/www.dumo.net\/wp-content\/uploads\/2015\/03\/Behandlung.png\",\"datePublished\":\"2015-03-24T12:31:07+00:00\",\"dateModified\":\"2020-09-16T17:16:09+00:00\",\"description\":\"Mein Ziel ist es, in wenige Behandlungen Ursachen und L\u00f6sungen f\u00fcr Sie zu finden, mit Hilfe von Bio-Resonanz \/ Quanten-Resonanz & Dunkelfeldmikroskopie.\",\"breadcrumb\":{\"@id\":\"https:\/\/www.dumo.net\/behandlung\/#breadcrumb\"},\"inLanguage\":\"en-US\",\"potentialAction\":[{\"@type\":\"ReadAction\",\"target\":[\"https:\/\/www.dumo.net\/behandlung\/\"]}]},{\"@type\":\"ImageObject\",\"inLanguage\":\"en-US\",\"@id\":\"https:\/\/www.dumo.net\/behandlung\/#primaryimage\",\"url\":\"http:\/\/www.dumo.net\/wp-content\/uploads\/2015\/03\/Behandlung.png\",\"contentUrl\":\"http:\/\/www.dumo.net\/wp-content\/uploads\/2015\/03\/Behandlung.png\"},{\"@type\":\"BreadcrumbList\",\"@id\":\"https:\/\/www.dumo.net\/behandlung\/#breadcrumb\",\"itemListElement\":[{\"@type\":\"ListItem\",\"position\":1,\"name\":\"Home\",\"item\":\"https:\/\/www.dumo.net\/\"},{\"@type\":\"ListItem\",\"position\":2,\"name\":\"Behandlung\"}]},{\"@type\":\"WebSite\",\"@id\":\"https:\/\/www.dumo.net\/#website\",\"url\":\"https:\/\/www.dumo.net\/\",\"name\":\"Heilpraxis Laurent Dumonet\",\"description\":\"\",\"publisher\":{\"@id\":\"https:\/\/www.dumo.net\/#organization\"},\"potentialAction\":[{\"@type\":\"SearchAction\",\"target\":{\"@type\":\"EntryPoint\",\"urlTemplate\":\"https:\/\/www.dumo.net\/?s={search_term_string}\"},\"query-input\":\"required name=search_term_string\"}],\"inLanguage\":\"en-US\"},{\"@type\":\"Organization\",\"@id\":\"https:\/\/www.dumo.net\/#organization\",\"name\":\"Naturheilpraxis Laurent Dumonet - Heilpraktiker\",\"url\":\"https:\/\/www.dumo.net\/\",\"logo\":{\"@type\":\"ImageObject\",\"inLanguage\":\"en-US\",\"@id\":\"https:\/\/www.dumo.net\/#\/schema\/logo\/image\/\",\"url\":\"\",\"contentUrl\":\"\",\"caption\":\"Naturheilpraxis Laurent Dumonet - Heilpraktiker\"},\"image\":{\"@id\":\"https:\/\/www.dumo.net\/#\/schema\/logo\/image\/\"},\"sameAs\":[\"https:\/\/www.facebook.com\/heilpraktikerdumonet\/\"]}]}<\/script>\n<!-- \/ Yoast SEO plugin. -->","yoast_head_json":{"title":"Behandlung - Heilpraktiker in M\u00fcnchen Laurent Dumonet","description":"Mein Ziel ist es, in wenige Behandlungen Ursachen und L\u00f6sungen f\u00fcr Sie zu finden, mit Hilfe von Bio-Resonanz \/ Quanten-Resonanz & Dunkelfeldmikroskopie.","robots":{"index":"index","follow":"follow","max-snippet":"max-snippet:-1","max-image-preview":"max-image-preview:large","max-video-preview":"max-video-preview:-1"},"canonical":"https:\/\/www.dumo.net\/behandlung\/","og_locale":"en_US","og_type":"article","og_title":"Behandlung - Heilpraktiker in M\u00fcnchen Laurent Dumonet","og_description":"Mein Ziel ist es, in wenige Behandlungen Ursachen und L\u00f6sungen f\u00fcr Sie zu finden, mit Hilfe von Bio-Resonanz \/ Quanten-Resonanz & Dunkelfeldmikroskopie.","og_url":"https:\/\/www.dumo.net\/behandlung\/","og_site_name":"Heilpraxis Laurent Dumonet","article_publisher":"https:\/\/www.facebook.com\/heilpraktikerdumonet\/","article_modified_time":"2020-09-16T17:16:09+00:00","og_image":[{"url":"http:\/\/www.dumo.net\/wp-content\/uploads\/2015\/03\/Behandlung.png"}],"twitter_misc":{"Est. reading time":"11 minutes"},"schema":{"@context":"https:\/\/schema.org","@graph":[{"@type":"WebPage","@id":"https:\/\/www.dumo.net\/behandlung\/","url":"https:\/\/www.dumo.net\/behandlung\/","name":"Behandlung - Heilpraktiker in M\u00fcnchen Laurent Dumonet","isPartOf":{"@id":"https:\/\/www.dumo.net\/#website"},"primaryImageOfPage":{"@id":"https:\/\/www.dumo.net\/behandlung\/#primaryimage"},"image":{"@id":"https:\/\/www.dumo.net\/behandlung\/#primaryimage"},"thumbnailUrl":"http:\/\/www.dumo.net\/wp-content\/uploads\/2015\/03\/Behandlung.png","datePublished":"2015-03-24T12:31:07+00:00","dateModified":"2020-09-16T17:16:09+00:00","description":"Mein Ziel ist es, in wenige Behandlungen Ursachen und L\u00f6sungen f\u00fcr Sie zu finden, mit Hilfe von Bio-Resonanz \/ Quanten-Resonanz & Dunkelfeldmikroskopie.","breadcrumb":{"@id":"https:\/\/www.dumo.net\/behandlung\/#breadcrumb"},"inLanguage":"en-US","potentialAction":[{"@type":"ReadAction","target":["https:\/\/www.dumo.net\/behandlung\/"]}]},{"@type":"ImageObject","inLanguage":"en-US","@id":"https:\/\/www.dumo.net\/behandlung\/#primaryimage","url":"http:\/\/www.dumo.net\/wp-content\/uploads\/2015\/03\/Behandlung.png","contentUrl":"http:\/\/www.dumo.net\/wp-content\/uploads\/2015\/03\/Behandlung.png"},{"@type":"BreadcrumbList","@id":"https:\/\/www.dumo.net\/behandlung\/#breadcrumb","itemListElement":[{"@type":"ListItem","position":1,"name":"Home","item":"https:\/\/www.dumo.net\/"},{"@type":"ListItem","position":2,"name":"Behandlung"}]},{"@type":"WebSite","@id":"https:\/\/www.dumo.net\/#website","url":"https:\/\/www.dumo.net\/","name":"Heilpraxis Laurent Dumonet","description":"","publisher":{"@id":"https:\/\/www.dumo.net\/#organization"},"potentialAction":[{"@type":"SearchAction","target":{"@type":"EntryPoint","urlTemplate":"https:\/\/www.dumo.net\/?s={search_term_string}"},"query-input":"required name=search_term_string"}],"inLanguage":"en-US"},{"@type":"Organization","@id":"https:\/\/www.dumo.net\/#organization","name":"Naturheilpraxis Laurent Dumonet - Heilpraktiker","url":"https:\/\/www.dumo.net\/","logo":{"@type":"ImageObject","inLanguage":"en-US","@id":"https:\/\/www.dumo.net\/#\/schema\/logo\/image\/","url":"","contentUrl":"","caption":"Naturheilpraxis Laurent Dumonet - Heilpraktiker"},"image":{"@id":"https:\/\/www.dumo.net\/#\/schema\/logo\/image\/"},"sameAs":["https:\/\/www.facebook.com\/heilpraktikerdumonet\/"]}]}},"_links":{"self":[{"href":"https:\/\/www.dumo.net\/en\/wp-json\/wp\/v2\/pages\/55"}],"collection":[{"href":"https:\/\/www.dumo.net\/en\/wp-json\/wp\/v2\/pages"}],"about":[{"href":"https:\/\/www.dumo.net\/en\/wp-json\/wp\/v2\/types\/page"}],"author":[{"embeddable":true,"href":"https:\/\/www.dumo.net\/en\/wp-json\/wp\/v2\/users\/1"}],"replies":[{"embeddable":true,"href":"https:\/\/www.dumo.net\/en\/wp-json\/wp\/v2\/comments?post=55"}],"version-history":[{"count":47,"href":"https:\/\/www.dumo.net\/en\/wp-json\/wp\/v2\/pages\/55\/revisions"}],"predecessor-version":[{"id":1677,"href":"https:\/\/www.dumo.net\/en\/wp-json\/wp\/v2\/pages\/55\/revisions\/1677"}],"wp:attachment":[{"href":"https:\/\/www.dumo.net\/en\/wp-json\/wp\/v2\/media?parent=55"}],"curies":[{"name":"wp","href":"https:\/\/api.w.org\/{rel}","templated":true}]}}