{"id":45,"date":"2015-03-24T12:24:05","date_gmt":"2015-03-24T12:24:05","guid":{"rendered":"http:\/\/naturheilpraxislaurentd.apps-1and1.net\/?page_id=45"},"modified":"2022-10-18T11:28:51","modified_gmt":"2022-10-18T11:28:51","slug":"praxis","status":"publish","type":"page","link":"https:\/\/www.dumo.net\/en\/praxis\/","title":{"rendered":"Office"},"content":{"rendered":"<p><div class=\"fusion-fullwidth fullwidth-box fusion-builder-row-3 nonhundred-percent-fullwidth non-hundred-percent-height-scrolling\"  style='background-color: rgba(255,255,255,0);background-position: center center;background-repeat: no-repeat;padding-top:0px;padding-right:0px;padding-bottom:0px;padding-left:0px;border-top-width:0px;border-bottom-width:0px;border-color:#eae9e9;border-top-style:solid;border-bottom-style:solid;'><div class=\"fusion-builder-row fusion-row \"><div  class=\"fusion-layout-column fusion_builder_column fusion_builder_column_1_2 fusion-builder-column-2 fusion-one-half fusion-column-first 1_2\"  style='margin-top:0px;margin-bottom:20px;width:50%;width:calc(50% - ( ( 4% ) * 0.5 ) );margin-right: 4%;'><div class=\"fusion-column-wrapper\" style=\"padding: 0px 0px 0px 0px;background-position:left top;background-blend-mode: overlay;background-repeat:no-repeat;-webkit-background-size:cover;-moz-background-size:cover;-o-background-size:cover;background-size:cover;\"   data-bg-url=\"\"><div class=\"fusion-text\"><p><a href=\"https:\/\/www.dumo.net\/wp-content\/uploads\/2022\/10\/sinnvoll_raum_05a.jpg\"><img loading=\"lazy\" decoding=\"async\" class=\"alignnone size-full wp-image-1844\" src=\"https:\/\/www.dumo.net\/wp-content\/uploads\/2022\/10\/sinnvoll_raum_05a.jpg\" alt=\"\" width=\"2000\" height=\"1000\" srcset=\"https:\/\/www.dumo.net\/wp-content\/uploads\/2022\/10\/sinnvoll_raum_05a-200x100.jpg 200w, https:\/\/www.dumo.net\/wp-content\/uploads\/2022\/10\/sinnvoll_raum_05a-300x150.jpg 300w, https:\/\/www.dumo.net\/wp-content\/uploads\/2022\/10\/sinnvoll_raum_05a-400x200.jpg 400w, https:\/\/www.dumo.net\/wp-content\/uploads\/2022\/10\/sinnvoll_raum_05a-600x300.jpg 600w, https:\/\/www.dumo.net\/wp-content\/uploads\/2022\/10\/sinnvoll_raum_05a-768x384.jpg 768w, https:\/\/www.dumo.net\/wp-content\/uploads\/2022\/10\/sinnvoll_raum_05a-800x400.jpg 800w, https:\/\/www.dumo.net\/wp-content\/uploads\/2022\/10\/sinnvoll_raum_05a-1024x512.jpg 1024w, https:\/\/www.dumo.net\/wp-content\/uploads\/2022\/10\/sinnvoll_raum_05a-1200x600.jpg 1200w, https:\/\/www.dumo.net\/wp-content\/uploads\/2022\/10\/sinnvoll_raum_05a-1536x768.jpg 1536w, https:\/\/www.dumo.net\/wp-content\/uploads\/2022\/10\/sinnvoll_raum_05a.jpg 2000w\" sizes=\"(max-width: 2000px) 100vw, 2000px\" \/><\/a><\/p>\n<\/div><div class=\"fusion-clearfix\"><\/div><\/div><\/div><div  class=\"fusion-layout-column fusion_builder_column fusion_builder_column_1_2 fusion-builder-column-3 fusion-one-half fusion-column-last 1_2\"  style='margin-top:0px;margin-bottom:20px;width:50%;width:calc(50% - ( ( 4% ) * 0.5 ) );'><div class=\"fusion-column-wrapper\" style=\"padding: 0px 0px 0px 0px;background-position:left top;background-blend-mode: overlay;background-repeat:no-repeat;-webkit-background-size:cover;-moz-background-size:cover;-o-background-size:cover;background-size:cover;\"   data-bg-url=\"\"><style type=\"text\/css\">@media only screen and (max-width:800px) {.fusion-title.fusion-title-2{margin-top:10px!important;margin-bottom:10px!important;}}<\/style><div class=\"fusion-title title fusion-title-2 fusion-title-text fusion-title-size-two\" style=\"margin-top:0px;margin-bottom:31px;\"><h2 class=\"title-heading-left\" style=\"margin:0;\">Office Location<\/h2><div class=\"title-sep-container\"><div class=\"title-sep sep-double sep-solid\" style=\"border-color:#e0dede;\"><\/div><\/div><\/div><div class=\"fusion-text\"><p><span style=\"color: #333333;\"><strong>My office is located in the heart of Munich:<\/strong><\/span><\/p>\n<p><span style=\"color: #333333;\">In the health center &#8220;SinnVoll&#8221; (&#8220;Zentrum f\u00fcr Gesundheit SinnVoll&#8221;)<\/span><br \/>\n<span style=\"color: #333333;\"><strong>Menzinger Stra\u00dfe 68,<br \/>\n80992 Munich<\/strong><\/span><br \/>\n<span style=\"color: #333333;\"><strong>in Obermenzing<br \/>\n<\/strong><em>&#8211; please ring the door bell of\u00a0 the &#8220;Sinnvoll Zentrum&#8221; &#8211;<\/em><strong><br \/>\n<\/strong><\/span><br \/>\n<span style=\"color: #333333;\">Tel. (+49 ) 089 \/ 41 22 00 00 or (+49 ) 01575 474 55 94<\/span><br \/>\n<span style=\"color: #333333;\">Email: <a style=\"color: #333333;\" title=\"Naturopathy Laurent Dumonet\" href=\"mailto:info@dumo.net\">info(at)dumo.net<\/a><\/span><\/p>\n<p><span style=\"color: #333333;\"><strong>Opening hours:<\/strong><\/span><br \/>\n<span style=\"color: #333333;\"><time datetime=\"Mo 08:00-19:00\">Monday\u00a0 \u00a0 \u00a0 \u00a0 08:00 &#8211; 20:00\u00a0<\/time><\/span><br \/>\n<span style=\"color: #333333;\"><time datetime=\"Th 08:00-17:00\">Tuesday\u00a0 \u00a0 \u00a0 \u00a0 08:00 &#8211; 17:00\u00a0<\/time><\/span><br \/>\n<span style=\"color: #333333;\"><time datetime=\"We-Fr 08:00-19:00\">Wednesday\u00a0 08:00 &#8211; 20:00<br \/>\nThursday\u00a0 \u00a0 \u00a0 08:00 &#8211; 20:00<br \/>\nFriday\u00a0 \u00a0 \u00a0 \u00a0 \u00a0 \u00a008:00 &#8211; 20:00<br \/>\nSaturday\u00a0 \u00a0 \u00a0 09:00 &#8211; 14:00\u00a0<\/time><\/span><\/p>\n<p>If you come by car it is usually easy to find a parking space.<\/p>\n<p>If you come with public transport:<br \/>\nfor example when coming from the main station &#8220;Hauptbahnhof&#8221;:<\/p>\n<p><strong>Tram: 17<\/strong> &#8211; Amalienburgstra\u00dfe, stop Amalienburg (25 minutes from the main station &#8220;Hauptbahnhof&#8221;)<\/p>\n<p><strong>Subway: U1<\/strong> &#8211; Olympia-Einkaufszentrum to Westfriedhof,<br \/>\nthen <strong>bus 180<\/strong> Berduxstra\u00dfe, stop Amalienburg (25 minutes from the main station &#8220;Hauptbahnhof&#8221;)<\/p>\n<p><strong>S-Bahn: S2<\/strong> &#8211; Petershausen, stop Obermenzing, then walk 14 minutes (25 minutes from the main station &#8220;Hauptbahnhof&#8221;)<\/p>\n<\/div><div class=\"fusion-clearfix\"><\/div><\/div><\/div><\/div><\/div><\/p>","protected":false},"excerpt":{"rendered":"","protected":false},"author":1,"featured_media":0,"parent":0,"menu_order":0,"comment_status":"open","ping_status":"open","template":"100-width.php","meta":{"footnotes":""},"yoast_head":"<!-- This site is optimized with the Yoast SEO plugin v22.8 - https:\/\/yoast.com\/wordpress\/plugins\/seo\/ -->\n<title>Naturopathy Practice in Munich - Laurent Dumonet<\/title>\n<meta name=\"description\" content=\"Our Naturopathy practice in Munich offers a combination of modern and classic methods to determine the root of your illness and offer solution. Unserer Naturheilpraxis in M\u00fcnchen bietet eine Kombination aus modernen und klassischen Methoden um Gr\u00fcnde und L\u00f6sungen f\u00fcr Ihre Beschwerden zu finden.\" \/>\n<meta name=\"robots\" content=\"index, follow, max-snippet:-1, max-image-preview:large, max-video-preview:-1\" \/>\n<link rel=\"canonical\" href=\"https:\/\/www.dumo.net\/praxis\/\" \/>\n<meta property=\"og:locale\" content=\"en_US\" \/>\n<meta property=\"og:type\" content=\"article\" \/>\n<meta property=\"og:title\" content=\"Naturopathy Practice in Munich - Laurent Dumonet\" \/>\n<meta property=\"og:description\" content=\"Our Naturopathy practice in Munich offers a combination of modern and classic methods to determine the root of your illness and offer solution. Unserer Naturheilpraxis in M\u00fcnchen bietet eine Kombination aus modernen und klassischen Methoden um Gr\u00fcnde und L\u00f6sungen f\u00fcr Ihre Beschwerden zu finden.\" \/>\n<meta property=\"og:url\" content=\"https:\/\/www.dumo.net\/praxis\/\" \/>\n<meta property=\"og:site_name\" content=\"Heilpraxis Laurent Dumonet\" \/>\n<meta property=\"article:publisher\" content=\"https:\/\/www.facebook.com\/heilpraktikerdumonet\/\" \/>\n<meta property=\"article:modified_time\" content=\"2022-10-18T11:28:51+00:00\" \/>\n<meta property=\"og:image\" content=\"https:\/\/www.dumo.net\/wp-content\/uploads\/2022\/10\/sinnvoll_raum_05a.jpg\" \/>\n<meta name=\"twitter:label1\" content=\"Est. reading time\" \/>\n\t<meta name=\"twitter:data1\" content=\"6 minutes\" \/>\n<script type=\"application\/ld+json\" class=\"yoast-schema-graph\">{\"@context\":\"https:\/\/schema.org\",\"@graph\":[{\"@type\":\"WebPage\",\"@id\":\"https:\/\/www.dumo.net\/praxis\/\",\"url\":\"https:\/\/www.dumo.net\/praxis\/\",\"name\":\"Naturopathy Practice in Munich - Laurent Dumonet\",\"isPartOf\":{\"@id\":\"https:\/\/www.dumo.net\/#website\"},\"primaryImageOfPage\":{\"@id\":\"https:\/\/www.dumo.net\/praxis\/#primaryimage\"},\"image\":{\"@id\":\"https:\/\/www.dumo.net\/praxis\/#primaryimage\"},\"thumbnailUrl\":\"https:\/\/www.dumo.net\/wp-content\/uploads\/2022\/10\/sinnvoll_raum_05a.jpg\",\"datePublished\":\"2015-03-24T12:24:05+00:00\",\"dateModified\":\"2022-10-18T11:28:51+00:00\",\"description\":\"Our Naturopathy practice in Munich offers a combination of modern and classic methods to determine the root of your illness and offer solution. Unserer Naturheilpraxis in M\u00fcnchen bietet eine Kombination aus modernen und klassischen Methoden um Gr\u00fcnde und L\u00f6sungen f\u00fcr Ihre Beschwerden zu finden.\",\"breadcrumb\":{\"@id\":\"https:\/\/www.dumo.net\/praxis\/#breadcrumb\"},\"inLanguage\":\"en-US\",\"potentialAction\":[{\"@type\":\"ReadAction\",\"target\":[\"https:\/\/www.dumo.net\/praxis\/\"]}]},{\"@type\":\"ImageObject\",\"inLanguage\":\"en-US\",\"@id\":\"https:\/\/www.dumo.net\/praxis\/#primaryimage\",\"url\":\"https:\/\/www.dumo.net\/wp-content\/uploads\/2022\/10\/sinnvoll_raum_05a.jpg\",\"contentUrl\":\"https:\/\/www.dumo.net\/wp-content\/uploads\/2022\/10\/sinnvoll_raum_05a.jpg\"},{\"@type\":\"BreadcrumbList\",\"@id\":\"https:\/\/www.dumo.net\/praxis\/#breadcrumb\",\"itemListElement\":[{\"@type\":\"ListItem\",\"position\":1,\"name\":\"Home\",\"item\":\"https:\/\/www.dumo.net\/\"},{\"@type\":\"ListItem\",\"position\":2,\"name\":\"Praxis\"}]},{\"@type\":\"WebSite\",\"@id\":\"https:\/\/www.dumo.net\/#website\",\"url\":\"https:\/\/www.dumo.net\/\",\"name\":\"Heilpraxis Laurent Dumonet\",\"description\":\"\",\"publisher\":{\"@id\":\"https:\/\/www.dumo.net\/#organization\"},\"potentialAction\":[{\"@type\":\"SearchAction\",\"target\":{\"@type\":\"EntryPoint\",\"urlTemplate\":\"https:\/\/www.dumo.net\/?s={search_term_string}\"},\"query-input\":\"required name=search_term_string\"}],\"inLanguage\":\"en-US\"},{\"@type\":\"Organization\",\"@id\":\"https:\/\/www.dumo.net\/#organization\",\"name\":\"Naturheilpraxis Laurent Dumonet - Heilpraktiker\",\"url\":\"https:\/\/www.dumo.net\/\",\"logo\":{\"@type\":\"ImageObject\",\"inLanguage\":\"en-US\",\"@id\":\"https:\/\/www.dumo.net\/#\/schema\/logo\/image\/\",\"url\":\"\",\"contentUrl\":\"\",\"caption\":\"Naturheilpraxis Laurent Dumonet - Heilpraktiker\"},\"image\":{\"@id\":\"https:\/\/www.dumo.net\/#\/schema\/logo\/image\/\"},\"sameAs\":[\"https:\/\/www.facebook.com\/heilpraktikerdumonet\/\"]}]}<\/script>\n<!-- \/ Yoast SEO plugin. -->","yoast_head_json":{"title":"Naturopathy Practice in Munich - Laurent Dumonet","description":"Our Naturopathy practice in Munich offers a combination of modern and classic methods to determine the root of your illness and offer solution. Unserer Naturheilpraxis in M\u00fcnchen bietet eine Kombination aus modernen und klassischen Methoden um Gr\u00fcnde und L\u00f6sungen f\u00fcr Ihre Beschwerden zu finden.","robots":{"index":"index","follow":"follow","max-snippet":"max-snippet:-1","max-image-preview":"max-image-preview:large","max-video-preview":"max-video-preview:-1"},"canonical":"https:\/\/www.dumo.net\/praxis\/","og_locale":"en_US","og_type":"article","og_title":"Naturopathy Practice in Munich - Laurent Dumonet","og_description":"Our Naturopathy practice in Munich offers a combination of modern and classic methods to determine the root of your illness and offer solution. Unserer Naturheilpraxis in M\u00fcnchen bietet eine Kombination aus modernen und klassischen Methoden um Gr\u00fcnde und L\u00f6sungen f\u00fcr Ihre Beschwerden zu finden.","og_url":"https:\/\/www.dumo.net\/praxis\/","og_site_name":"Heilpraxis Laurent Dumonet","article_publisher":"https:\/\/www.facebook.com\/heilpraktikerdumonet\/","article_modified_time":"2022-10-18T11:28:51+00:00","og_image":[{"url":"https:\/\/www.dumo.net\/wp-content\/uploads\/2022\/10\/sinnvoll_raum_05a.jpg"}],"twitter_misc":{"Est. reading time":"6 minutes"},"schema":{"@context":"https:\/\/schema.org","@graph":[{"@type":"WebPage","@id":"https:\/\/www.dumo.net\/praxis\/","url":"https:\/\/www.dumo.net\/praxis\/","name":"Naturopathy Practice in Munich - Laurent Dumonet","isPartOf":{"@id":"https:\/\/www.dumo.net\/#website"},"primaryImageOfPage":{"@id":"https:\/\/www.dumo.net\/praxis\/#primaryimage"},"image":{"@id":"https:\/\/www.dumo.net\/praxis\/#primaryimage"},"thumbnailUrl":"https:\/\/www.dumo.net\/wp-content\/uploads\/2022\/10\/sinnvoll_raum_05a.jpg","datePublished":"2015-03-24T12:24:05+00:00","dateModified":"2022-10-18T11:28:51+00:00","description":"Our Naturopathy practice in Munich offers a combination of modern and classic methods to determine the root of your illness and offer solution. Unserer Naturheilpraxis in M\u00fcnchen bietet eine Kombination aus modernen und klassischen Methoden um Gr\u00fcnde und L\u00f6sungen f\u00fcr Ihre Beschwerden zu finden.","breadcrumb":{"@id":"https:\/\/www.dumo.net\/praxis\/#breadcrumb"},"inLanguage":"en-US","potentialAction":[{"@type":"ReadAction","target":["https:\/\/www.dumo.net\/praxis\/"]}]},{"@type":"ImageObject","inLanguage":"en-US","@id":"https:\/\/www.dumo.net\/praxis\/#primaryimage","url":"https:\/\/www.dumo.net\/wp-content\/uploads\/2022\/10\/sinnvoll_raum_05a.jpg","contentUrl":"https:\/\/www.dumo.net\/wp-content\/uploads\/2022\/10\/sinnvoll_raum_05a.jpg"},{"@type":"BreadcrumbList","@id":"https:\/\/www.dumo.net\/praxis\/#breadcrumb","itemListElement":[{"@type":"ListItem","position":1,"name":"Home","item":"https:\/\/www.dumo.net\/"},{"@type":"ListItem","position":2,"name":"Praxis"}]},{"@type":"WebSite","@id":"https:\/\/www.dumo.net\/#website","url":"https:\/\/www.dumo.net\/","name":"Heilpraxis Laurent Dumonet","description":"","publisher":{"@id":"https:\/\/www.dumo.net\/#organization"},"potentialAction":[{"@type":"SearchAction","target":{"@type":"EntryPoint","urlTemplate":"https:\/\/www.dumo.net\/?s={search_term_string}"},"query-input":"required name=search_term_string"}],"inLanguage":"en-US"},{"@type":"Organization","@id":"https:\/\/www.dumo.net\/#organization","name":"Naturheilpraxis Laurent Dumonet - Heilpraktiker","url":"https:\/\/www.dumo.net\/","logo":{"@type":"ImageObject","inLanguage":"en-US","@id":"https:\/\/www.dumo.net\/#\/schema\/logo\/image\/","url":"","contentUrl":"","caption":"Naturheilpraxis Laurent Dumonet - Heilpraktiker"},"image":{"@id":"https:\/\/www.dumo.net\/#\/schema\/logo\/image\/"},"sameAs":["https:\/\/www.facebook.com\/heilpraktikerdumonet\/"]}]}},"_links":{"self":[{"href":"https:\/\/www.dumo.net\/en\/wp-json\/wp\/v2\/pages\/45"}],"collection":[{"href":"https:\/\/www.dumo.net\/en\/wp-json\/wp\/v2\/pages"}],"about":[{"href":"https:\/\/www.dumo.net\/en\/wp-json\/wp\/v2\/types\/page"}],"author":[{"embeddable":true,"href":"https:\/\/www.dumo.net\/en\/wp-json\/wp\/v2\/users\/1"}],"replies":[{"embeddable":true,"href":"https:\/\/www.dumo.net\/en\/wp-json\/wp\/v2\/comments?post=45"}],"version-history":[{"count":88,"href":"https:\/\/www.dumo.net\/en\/wp-json\/wp\/v2\/pages\/45\/revisions"}],"predecessor-version":[{"id":1857,"href":"https:\/\/www.dumo.net\/en\/wp-json\/wp\/v2\/pages\/45\/revisions\/1857"}],"wp:attachment":[{"href":"https:\/\/www.dumo.net\/en\/wp-json\/wp\/v2\/media?parent=45"}],"curies":[{"name":"wp","href":"https:\/\/api.w.org\/{rel}","templated":true}]}}